{"id":13865,"date":"2025-11-29T09:40:30","date_gmt":"2025-11-29T08:40:30","guid":{"rendered":"https:\/\/www.perard.fr\/?post_type=product&#038;p=13865"},"modified":"2025-12-01T08:12:47","modified_gmt":"2025-12-01T07:12:47","slug":"interbenne-46-black-carbon-limited-edition","status":"publish","type":"product","link":"https:\/\/www.perard.fr\/?product=interbenne-46-black-carbon-limited-edition","title":{"rendered":"Interbenne 46 Black Carbon Limited Edition"},"content":{"rendered":"<h2>Description<\/h2>\n<p>Miniature Universal Hobbies au 1\/32eme<\/p>\n<p>Livraison dans l\u2019ordre d\u2019arriv\u00e9e des commandes<\/p>\n<p><img decoding=\"async\" class=\"alignnone size-medium wp-image-13870\" src=\"http:\/\/www.perard.fr\/wp-content\/uploads\/2025\/11\/UH6847-side-B-300x106.jpg\" alt=\"\" width=\"300\" height=\"106\" srcset=\"https:\/\/www.perard.fr\/wp-content\/uploads\/2025\/11\/UH6847-side-B-300x106.jpg 300w, https:\/\/www.perard.fr\/wp-content\/uploads\/2025\/11\/UH6847-side-B-600x212.jpg 600w, https:\/\/www.perard.fr\/wp-content\/uploads\/2025\/11\/UH6847-side-B-768x271.jpg 768w, https:\/\/www.perard.fr\/wp-content\/uploads\/2025\/11\/UH6847-side-B-24x8.jpg 24w, https:\/\/www.perard.fr\/wp-content\/uploads\/2025\/11\/UH6847-side-B-36x13.jpg 36w, https:\/\/www.perard.fr\/wp-content\/uploads\/2025\/11\/UH6847-side-B-48x17.jpg 48w, https:\/\/www.perard.fr\/wp-content\/uploads\/2025\/11\/UH6847-side-B.jpg 945w\" sizes=\"(max-width: 300px) 100vw, 300px\" \/><img decoding=\"async\" class=\"alignnone size-medium wp-image-13869\" src=\"http:\/\/www.perard.fr\/wp-content\/uploads\/2025\/11\/UH6847-side-A-300x104.jpg\" alt=\"\" width=\"300\" height=\"104\" srcset=\"https:\/\/www.perard.fr\/wp-content\/uploads\/2025\/11\/UH6847-side-A-300x104.jpg 300w, https:\/\/www.perard.fr\/wp-content\/uploads\/2025\/11\/UH6847-side-A-600x208.jpg 600w, https:\/\/www.perard.fr\/wp-content\/uploads\/2025\/11\/UH6847-side-A-768x266.jpg 768w, https:\/\/www.perard.fr\/wp-content\/uploads\/2025\/11\/UH6847-side-A-24x8.jpg 24w, https:\/\/www.perard.fr\/wp-content\/uploads\/2025\/11\/UH6847-side-A-36x12.jpg 36w, https:\/\/www.perard.fr\/wp-content\/uploads\/2025\/11\/UH6847-side-A-48x17.jpg 48w, https:\/\/www.perard.fr\/wp-content\/uploads\/2025\/11\/UH6847-side-A.jpg 945w\" sizes=\"(max-width: 300px) 100vw, 300px\" \/> <img decoding=\"async\" class=\"alignnone size-medium wp-image-13868\" src=\"http:\/\/www.perard.fr\/wp-content\/uploads\/2025\/11\/UH6847-detail-02-300x300.jpg\" alt=\"\" width=\"300\" height=\"300\" srcset=\"https:\/\/www.perard.fr\/wp-content\/uploads\/2025\/11\/UH6847-detail-02-300x300.jpg 300w, https:\/\/www.perard.fr\/wp-content\/uploads\/2025\/11\/UH6847-detail-02-100x100.jpg 100w, https:\/\/www.perard.fr\/wp-content\/uploads\/2025\/11\/UH6847-detail-02-150x150.jpg 150w, https:\/\/www.perard.fr\/wp-content\/uploads\/2025\/11\/UH6847-detail-02-80x80.jpg 80w, https:\/\/www.perard.fr\/wp-content\/uploads\/2025\/11\/UH6847-detail-02-500x500.jpg 500w, https:\/\/www.perard.fr\/wp-content\/uploads\/2025\/11\/UH6847-detail-02-24x24.jpg 24w, https:\/\/www.perard.fr\/wp-content\/uploads\/2025\/11\/UH6847-detail-02-36x36.jpg 36w, https:\/\/www.perard.fr\/wp-content\/uploads\/2025\/11\/UH6847-detail-02-48x48.jpg 48w, https:\/\/www.perard.fr\/wp-content\/uploads\/2025\/11\/UH6847-detail-02.jpg 568w\" sizes=\"(max-width: 300px) 100vw, 300px\" \/> <img decoding=\"async\" class=\"alignnone size-medium wp-image-13867\" src=\"http:\/\/www.perard.fr\/wp-content\/uploads\/2025\/11\/UH6847-3.4-rear-b-300x160.jpg\" alt=\"\" width=\"300\" height=\"160\" srcset=\"https:\/\/www.perard.fr\/wp-content\/uploads\/2025\/11\/UH6847-3.4-rear-b-300x160.jpg 300w, https:\/\/www.perard.fr\/wp-content\/uploads\/2025\/11\/UH6847-3.4-rear-b-600x319.jpg 600w, https:\/\/www.perard.fr\/wp-content\/uploads\/2025\/11\/UH6847-3.4-rear-b-768x409.jpg 768w, https:\/\/www.perard.fr\/wp-content\/uploads\/2025\/11\/UH6847-3.4-rear-b.jpg 945w, https:\/\/www.perard.fr\/wp-content\/uploads\/2025\/11\/UH6847-3.4-rear-b-24x13.jpg 24w, https:\/\/www.perard.fr\/wp-content\/uploads\/2025\/11\/UH6847-3.4-rear-b-36x19.jpg 36w, https:\/\/www.perard.fr\/wp-content\/uploads\/2025\/11\/UH6847-3.4-rear-b-48x26.jpg 48w\" sizes=\"(max-width: 300px) 100vw, 300px\" \/><\/p>\n","protected":false},"excerpt":{"rendered":"<p>Miniature de collection en m\u00e9tal de l\u2019Interbenne 46 \u00e0 l\u2019\u00e9chelle 1:32, tr\u00e8s d\u00e9taill\u00e9e, r\u00e9alis\u00e9e par Universal Hobbies.<\/p>\n<p>Edition Black Carbon limit\u00e9e \u00e0 750 exemplaires<\/p>\n<p><strong>Livraison dans l\u2019ordre d\u2019arriv\u00e9e des commandes<\/strong><\/p>\n","protected":false},"featured_media":13866,"template":"","meta":[],"product_brand":[],"product_cat":[151],"product_tag":[],"class_list":{"0":"post-13865","1":"product","2":"type-product","3":"status-publish","4":"has-post-thumbnail","6":"product_cat-miniature","7":"product_shipping_class-livraison-france","9":"first","10":"outofstock","11":"purchasable","12":"product-type-simple"},"_links":{"self":[{"href":"https:\/\/www.perard.fr\/index.php?rest_route=\/wp\/v2\/product\/13865","targetHints":{"allow":["GET"]}}],"collection":[{"href":"https:\/\/www.perard.fr\/index.php?rest_route=\/wp\/v2\/product"}],"about":[{"href":"https:\/\/www.perard.fr\/index.php?rest_route=\/wp\/v2\/types\/product"}],"wp:featuredmedia":[{"embeddable":true,"href":"https:\/\/www.perard.fr\/index.php?rest_route=\/wp\/v2\/media\/13866"}],"wp:attachment":[{"href":"https:\/\/www.perard.fr\/index.php?rest_route=%2Fwp%2Fv2%2Fmedia&parent=13865"}],"wp:term":[{"taxonomy":"product_brand","embeddable":true,"href":"https:\/\/www.perard.fr\/index.php?rest_route=%2Fwp%2Fv2%2Fproduct_brand&post=13865"},{"taxonomy":"product_cat","embeddable":true,"href":"https:\/\/www.perard.fr\/index.php?rest_route=%2Fwp%2Fv2%2Fproduct_cat&post=13865"},{"taxonomy":"product_tag","embeddable":true,"href":"https:\/\/www.perard.fr\/index.php?rest_route=%2Fwp%2Fv2%2Fproduct_tag&post=13865"}],"curies":[{"name":"wp","href":"https:\/\/api.w.org\/{rel}","templated":true}]}}