{"id":12556,"date":"2024-10-08T14:46:56","date_gmt":"2024-10-08T12:46:56","guid":{"rendered":"https:\/\/www.perard.fr\/?post_type=product&#038;p=12556"},"modified":"2026-04-02T21:26:14","modified_gmt":"2026-04-02T19:26:14","slug":"interbenne-46","status":"publish","type":"product","link":"https:\/\/www.perard.fr\/?product=interbenne-46","title":{"rendered":"Interbenne 46"},"content":{"rendered":"<p>Miniature Universal Hobbies au 1\/32eme<\/p>\n<p>Livraison dans l&rsquo;ordre d&rsquo;arriv\u00e9e des commandes<\/p>\n<p><img decoding=\"async\" class=\"alignnone wp-image-12612 \" src=\"http:\/\/www.perard.fr\/wp-content\/uploads\/2024\/10\/Perard-09-300x205.jpg\" alt=\"\" width=\"299\" height=\"204\" srcset=\"https:\/\/www.perard.fr\/wp-content\/uploads\/2024\/10\/Perard-09-300x205.jpg 300w, https:\/\/www.perard.fr\/wp-content\/uploads\/2024\/10\/Perard-09-scaled-600x409.jpg 600w, https:\/\/www.perard.fr\/wp-content\/uploads\/2024\/10\/Perard-09-1024x698.jpg 1024w, https:\/\/www.perard.fr\/wp-content\/uploads\/2024\/10\/Perard-09-768x524.jpg 768w, https:\/\/www.perard.fr\/wp-content\/uploads\/2024\/10\/Perard-09-1536x1047.jpg 1536w, https:\/\/www.perard.fr\/wp-content\/uploads\/2024\/10\/Perard-09-2048x1396.jpg 2048w\" sizes=\"(max-width: 299px) 100vw, 299px\" \/><img decoding=\"async\" class=\"alignnone wp-image-12613 size-medium\" src=\"http:\/\/www.perard.fr\/wp-content\/uploads\/2024\/10\/Perard-04-300x168.jpg\" alt=\"\" width=\"300\" height=\"168\" srcset=\"https:\/\/www.perard.fr\/wp-content\/uploads\/2024\/10\/Perard-04-300x168.jpg 300w, https:\/\/www.perard.fr\/wp-content\/uploads\/2024\/10\/Perard-04-scaled-600x337.jpg 600w, https:\/\/www.perard.fr\/wp-content\/uploads\/2024\/10\/Perard-04-1024x574.jpg 1024w, https:\/\/www.perard.fr\/wp-content\/uploads\/2024\/10\/Perard-04-768x431.jpg 768w, https:\/\/www.perard.fr\/wp-content\/uploads\/2024\/10\/Perard-04-1536x861.jpg 1536w, https:\/\/www.perard.fr\/wp-content\/uploads\/2024\/10\/Perard-04-2048x1148.jpg 2048w, https:\/\/www.perard.fr\/wp-content\/uploads\/2024\/10\/Perard-04-1000x563.jpg 1000w\" sizes=\"(max-width: 300px) 100vw, 300px\" \/> <img decoding=\"async\" class=\"alignnone wp-image-12614 \" src=\"http:\/\/www.perard.fr\/wp-content\/uploads\/2024\/10\/Perard-12-300x276.jpg\" alt=\"\" width=\"208\" height=\"191\" srcset=\"https:\/\/www.perard.fr\/wp-content\/uploads\/2024\/10\/Perard-12-300x276.jpg 300w, https:\/\/www.perard.fr\/wp-content\/uploads\/2024\/10\/Perard-12-600x552.jpg 600w, https:\/\/www.perard.fr\/wp-content\/uploads\/2024\/10\/Perard-12-1024x942.jpg 1024w, https:\/\/www.perard.fr\/wp-content\/uploads\/2024\/10\/Perard-12-768x707.jpg 768w, https:\/\/www.perard.fr\/wp-content\/uploads\/2024\/10\/Perard-12-1536x1413.jpg 1536w, https:\/\/www.perard.fr\/wp-content\/uploads\/2024\/10\/Perard-12-2048x1884.jpg 2048w\" sizes=\"(max-width: 208px) 100vw, 208px\" \/><\/p>\n<p><img decoding=\"async\" class=\"alignnone wp-image-12770\" src=\"http:\/\/www.perard.fr\/wp-content\/uploads\/2024\/10\/detail-05-300x300.jpg\" alt=\"\" width=\"300\" height=\"300\" srcset=\"https:\/\/www.perard.fr\/wp-content\/uploads\/2024\/10\/detail-05-300x300.jpg 300w, https:\/\/www.perard.fr\/wp-content\/uploads\/2024\/10\/detail-05-100x100.jpg 100w, https:\/\/www.perard.fr\/wp-content\/uploads\/2024\/10\/detail-05-600x598.jpg 600w, https:\/\/www.perard.fr\/wp-content\/uploads\/2024\/10\/detail-05-1024x1020.jpg 1024w, https:\/\/www.perard.fr\/wp-content\/uploads\/2024\/10\/detail-05-150x150.jpg 150w, https:\/\/www.perard.fr\/wp-content\/uploads\/2024\/10\/detail-05-768x765.jpg 768w, https:\/\/www.perard.fr\/wp-content\/uploads\/2024\/10\/detail-05-1536x1530.jpg 1536w, https:\/\/www.perard.fr\/wp-content\/uploads\/2024\/10\/detail-05-80x80.jpg 80w, https:\/\/www.perard.fr\/wp-content\/uploads\/2024\/10\/detail-05-500x500.jpg 500w, https:\/\/www.perard.fr\/wp-content\/uploads\/2024\/10\/detail-05-1000x1000.jpg 1000w, https:\/\/www.perard.fr\/wp-content\/uploads\/2024\/10\/detail-05.jpg 1772w\" sizes=\"(max-width: 300px) 100vw, 300px\" \/> <img decoding=\"async\" class=\"alignnone size-medium wp-image-12771\" src=\"http:\/\/www.perard.fr\/wp-content\/uploads\/2024\/10\/detail-07-300x300.jpg\" alt=\"\" width=\"300\" height=\"300\" srcset=\"https:\/\/www.perard.fr\/wp-content\/uploads\/2024\/10\/detail-07-300x300.jpg 300w, https:\/\/www.perard.fr\/wp-content\/uploads\/2024\/10\/detail-07-100x100.jpg 100w, https:\/\/www.perard.fr\/wp-content\/uploads\/2024\/10\/detail-07-600x600.jpg 600w, https:\/\/www.perard.fr\/wp-content\/uploads\/2024\/10\/detail-07-1024x1024.jpg 1024w, https:\/\/www.perard.fr\/wp-content\/uploads\/2024\/10\/detail-07-150x150.jpg 150w, https:\/\/www.perard.fr\/wp-content\/uploads\/2024\/10\/detail-07-768x768.jpg 768w, https:\/\/www.perard.fr\/wp-content\/uploads\/2024\/10\/detail-07-1536x1536.jpg 1536w, https:\/\/www.perard.fr\/wp-content\/uploads\/2024\/10\/detail-07-80x80.jpg 80w, https:\/\/www.perard.fr\/wp-content\/uploads\/2024\/10\/detail-07-500x500.jpg 500w, https:\/\/www.perard.fr\/wp-content\/uploads\/2024\/10\/detail-07-1000x1000.jpg 1000w, https:\/\/www.perard.fr\/wp-content\/uploads\/2024\/10\/detail-07.jpg 1772w\" sizes=\"(max-width: 300px) 100vw, 300px\" \/> <img decoding=\"async\" class=\"alignnone size-medium wp-image-12772\" src=\"http:\/\/www.perard.fr\/wp-content\/uploads\/2024\/10\/detail-08-300x300.jpg\" alt=\"\" width=\"300\" height=\"300\" srcset=\"https:\/\/www.perard.fr\/wp-content\/uploads\/2024\/10\/detail-08-300x300.jpg 300w, https:\/\/www.perard.fr\/wp-content\/uploads\/2024\/10\/detail-08-100x100.jpg 100w, https:\/\/www.perard.fr\/wp-content\/uploads\/2024\/10\/detail-08-600x600.jpg 600w, https:\/\/www.perard.fr\/wp-content\/uploads\/2024\/10\/detail-08-1024x1024.jpg 1024w, https:\/\/www.perard.fr\/wp-content\/uploads\/2024\/10\/detail-08-150x150.jpg 150w, https:\/\/www.perard.fr\/wp-content\/uploads\/2024\/10\/detail-08-768x768.jpg 768w, https:\/\/www.perard.fr\/wp-content\/uploads\/2024\/10\/detail-08-1536x1536.jpg 1536w, https:\/\/www.perard.fr\/wp-content\/uploads\/2024\/10\/detail-08-80x80.jpg 80w, https:\/\/www.perard.fr\/wp-content\/uploads\/2024\/10\/detail-08-500x500.jpg 500w, https:\/\/www.perard.fr\/wp-content\/uploads\/2024\/10\/detail-08-1000x1000.jpg 1000w, https:\/\/www.perard.fr\/wp-content\/uploads\/2024\/10\/detail-08.jpg 1772w\" sizes=\"(max-width: 300px) 100vw, 300px\" \/><\/p>\n","protected":false},"excerpt":{"rendered":"<p>Miniature de collection en m\u00e9tal de l&rsquo;Interbenne 46 \u00e0 l&rsquo;\u00e9chelle 1:32, tr\u00e8s d\u00e9taill\u00e9e, r\u00e9alis\u00e9e par Universal Hobbies.<\/p>\n<p><strong>Livraison dans l&rsquo;ordre d&rsquo;arriv\u00e9e des commandes<\/strong><\/p>\n<p>Prix TTC<\/p>\n","protected":false},"featured_media":12598,"template":"","meta":[],"product_brand":[],"product_cat":[151],"product_tag":[],"class_list":{"0":"post-12556","1":"product","2":"type-product","3":"status-publish","4":"has-post-thumbnail","6":"product_cat-miniature","8":"first","9":"instock","10":"purchasable","11":"product-type-simple"},"_links":{"self":[{"href":"https:\/\/www.perard.fr\/index.php?rest_route=\/wp\/v2\/product\/12556","targetHints":{"allow":["GET"]}}],"collection":[{"href":"https:\/\/www.perard.fr\/index.php?rest_route=\/wp\/v2\/product"}],"about":[{"href":"https:\/\/www.perard.fr\/index.php?rest_route=\/wp\/v2\/types\/product"}],"wp:featuredmedia":[{"embeddable":true,"href":"https:\/\/www.perard.fr\/index.php?rest_route=\/wp\/v2\/media\/12598"}],"wp:attachment":[{"href":"https:\/\/www.perard.fr\/index.php?rest_route=%2Fwp%2Fv2%2Fmedia&parent=12556"}],"wp:term":[{"taxonomy":"product_brand","embeddable":true,"href":"https:\/\/www.perard.fr\/index.php?rest_route=%2Fwp%2Fv2%2Fproduct_brand&post=12556"},{"taxonomy":"product_cat","embeddable":true,"href":"https:\/\/www.perard.fr\/index.php?rest_route=%2Fwp%2Fv2%2Fproduct_cat&post=12556"},{"taxonomy":"product_tag","embeddable":true,"href":"https:\/\/www.perard.fr\/index.php?rest_route=%2Fwp%2Fv2%2Fproduct_tag&post=12556"}],"curies":[{"name":"wp","href":"https:\/\/api.w.org\/{rel}","templated":true}]}}