{"id":12452,"date":"2024-06-05T11:27:25","date_gmt":"2024-06-05T09:27:25","guid":{"rendered":"https:\/\/www.perard.fr\/?page_id=12452"},"modified":"2024-06-05T11:27:25","modified_gmt":"2024-06-05T09:27:25","slug":"esparcidor-optium","status":"publish","type":"page","link":"https:\/\/www.perard.fr\/?page_id=12452&lang=es","title":{"rendered":"Esparcidor Optium"},"content":{"rendered":"<div class=\"wpb-content-wrapper\"><p>[vc_row css=\u00a0\u00bb.vc_custom_1480791263873{margin-top: 120px !important;margin-bottom: 120px !important;}\u00a0\u00bb][vc_column width=\u00a0\u00bb1\/3&Prime;][vc_empty_space height=\u00a0\u00bb10px\u00a0\u00bb][vc_custom_heading text=\u00a0\u00bbESPARCIDOR OPTIUM\u00a0\u00bb use_theme_fonts=\u00a0\u00bbyes\u00a0\u00bb][vc_empty_space height=\u00a0\u00bb20px\u00a0\u00bb][vc_column_text]Perard dispone de tres tipos de esparcidores con rotores verticales de \u00f8 750 mm, 860 mm y 1050 mm, con capacidades desde 9 hasta 30 m<sup>3<\/sup>, y una gama de esparcidores con capacidades desde 17 hasta 21 m<sup>3<\/sup>.<\/p>\n<p>Los esparcidores Optium con rotores verticales han sido dise\u00f1ados para un esparcimiento de alta calidad, tanto de caja estrecha como ancha, con una gran precisi\u00f3n a partir de 3 toneladas por hect\u00e1rea.<\/p>\n<p>Los esparcidores Optium ofrecen un ancho de trabajo muy amplio y una excelente precisi\u00f3n desde 800kg\/ha para utilizar con multitud de productos.[\/vc_column_text]<div class=\"ult-spacer spacer-69ff5156aa313\" data-id=\"69ff5156aa313\" data-height=\"0\" data-height-mobile=\"40\" data-height-tab=\"\" data-height-tab-portrait=\"\" data-height-mobile-landscape=\"40\" style=\"clear:both;display:block;\"><\/div>[\/vc_column][vc_column width=\u00a0\u00bb2\/3&Prime;][vc_row_inner][vc_column_inner width=\u00a0\u00bb1\/3&Prime;]<div class=\"ult-new-ib ult-ib-effect-style13  ult-ib-resp  \" data-min-width=\"768\" data-max-width=\"900\" style=\"background:#000000;\" data-opacity=\"0.5\" data-hover-opacity=\"0.8\" ><img decoding=\"async\" class=\"ult-new-ib-img\" style=\"opacity:0.5;\" alt=\"null\" src=\"https:\/\/www.perard.fr\/wp-content\/uploads\/2020\/05\/IMG_2407.jpg\"   \/><div id=\"interactive-banner-wrap-3916\" class=\"ult-new-ib-desc\" style=\"\"><h2 class=\"ult-new-ib-title ult-responsive\"  data-ultimate-target='#interactive-banner-wrap-3916 .ult-new-ib-title'  data-responsive-json-new='{\"font-size\":\"desktop:15px;\",\"line-height\":\"\"}'  style=\"font-family:&#039;Montserrat&#039;;font-weight:700;\">Epandeur de fumier s\u00e9rie K<\/h2><div class=\"ult-new-ib-content ult-responsive\"  data-ultimate-target='#interactive-banner-wrap-3916 .ult-new-ib-content'  data-responsive-json-new='{\"font-size\":\"\",\"line-height\":\"\"}'  style=\"font-weight:normal;color:#ffffff;\"><p>Capacit\u00e9 de 9 et 13m\u00b3 h\u00e9rissons verticaux \u00d8 750mm<\/p><\/div><\/div><a class=\"ult-new-ib-link\" href=\"http:\/\/www.perard.fr\/?page_id=10972\" title=\"Optium s\u00e9rie K \u2013 H\u00e9rissons \u00d8 750\"  ><\/a><\/div>[\/vc_column_inner][vc_column_inner width=\u00a0\u00bb1\/3&Prime;]<div class=\"ult-new-ib ult-ib-effect-style13  ult-ib-resp  \" data-min-width=\"768\" data-max-width=\"900\" style=\"background:#000000;\" data-opacity=\"0.5\" data-hover-opacity=\"0.8\" ><img decoding=\"async\" class=\"ult-new-ib-img\" style=\"opacity:0.5;\" alt=\"null\" src=\"https:\/\/www.perard.fr\/wp-content\/uploads\/2020\/07\/IMG_3123b.jpg\"   \/><div id=\"interactive-banner-wrap-9563\" class=\"ult-new-ib-desc\" style=\"\"><h2 class=\"ult-new-ib-title ult-responsive\"  data-ultimate-target='#interactive-banner-wrap-9563 .ult-new-ib-title'  data-responsive-json-new='{\"font-size\":\"desktop:15px;\",\"line-height\":\"\"}'  style=\"font-family:&#039;Montserrat&#039;;font-weight:700;\">Epandeur de fumier s\u00e9rie L<\/h2><div class=\"ult-new-ib-content ult-responsive\"  data-ultimate-target='#interactive-banner-wrap-9563 .ult-new-ib-content'  data-responsive-json-new='{\"font-size\":\"\",\"line-height\":\"\"}'  style=\"font-weight:normal;color:#ffffff;\"><p>Capacit\u00e9 de 15 et 17m\u00b3 h\u00e9rissons verticaux \u00d8 860mm<\/p><\/div><\/div><a class=\"ult-new-ib-link\" href=\"http:\/\/www.perard.fr\/accueil\/epandeur-a-fumier\/optium-serie-l-herissons-o-860\/\" title=\"Optium s\u00e9rie L \u2013 H\u00e9rissons \u00d8 860\"  ><\/a><\/div>[\/vc_column_inner][vc_column_inner width=\u00a0\u00bb1\/3&Prime;]<div class=\"ult-new-ib ult-ib-effect-style13  ult-ib-resp  \" data-min-width=\"768\" data-max-width=\"900\" style=\"background:#000000;\" data-opacity=\"0.5\" data-hover-opacity=\"0.8\" ><img decoding=\"async\" class=\"ult-new-ib-img\" style=\"opacity:0.5;\" alt=\"null\" src=\"https:\/\/www.perard.fr\/wp-content\/uploads\/2020\/05\/IMG_2334.jpg\"   \/><div id=\"interactive-banner-wrap-7976\" class=\"ult-new-ib-desc\" style=\"\"><h2 class=\"ult-new-ib-title ult-responsive\"  data-ultimate-target='#interactive-banner-wrap-7976 .ult-new-ib-title'  data-responsive-json-new='{\"font-size\":\"desktop:15px;\",\"line-height\":\"\"}'  style=\"font-family:&#039;Montserrat&#039;;font-weight:700;\">Epandeur de fumier s\u00e9rie SLC<\/h2><div class=\"ult-new-ib-content ult-responsive\"  data-ultimate-target='#interactive-banner-wrap-7976 .ult-new-ib-content'  data-responsive-json-new='{\"font-size\":\"\",\"line-height\":\"\"}'  style=\"font-weight:normal;color:#ffffff;\"><p>Capacit\u00e9 de 17 et 21m\u00b3 h\u00e9rissons verticaux \u00d8 1050mm<\/p><\/div><\/div><a class=\"ult-new-ib-link\" href=\"http:\/\/www.perard.fr\/?page_id=11009\" title=\"Optium s\u00e9rie SLC \u2013 H\u00e9rissons \u00d8 1050\"  ><\/a><\/div>[\/vc_column_inner][\/vc_row_inner][vc_empty_space height=\u00a0\u00bb20px\u00a0\u00bb][vc_row_inner][vc_column_inner width=\u00a0\u00bb1\/3&Prime;]<div class=\"ult-new-ib ult-ib-effect-style13  ult-ib-resp  \" data-min-width=\"768\" data-max-width=\"900\" style=\"background:#000000;\" data-opacity=\"0.5\" data-hover-opacity=\"0.8\" ><img decoding=\"async\" class=\"ult-new-ib-img\" style=\"opacity:0.5;\" alt=\"null\" src=\"https:\/\/www.perard.fr\/wp-content\/uploads\/2020\/05\/IMG_2407.jpg\"   \/><div id=\"interactive-banner-wrap-3416\" class=\"ult-new-ib-desc\" style=\"\"><h2 class=\"ult-new-ib-title ult-responsive\"  data-ultimate-target='#interactive-banner-wrap-3416 .ult-new-ib-title'  data-responsive-json-new='{\"font-size\":\"desktop:16px;\",\"line-height\":\"\"}'  style=\"font-family:&#039;Raleway&#039;;font-weight:600;\">Epandeur de fumier s\u00e9rie SL<\/h2><div class=\"ult-new-ib-content ult-responsive\"  data-ultimate-target='#interactive-banner-wrap-3416 .ult-new-ib-content'  data-responsive-json-new='{\"font-size\":\"\",\"line-height\":\"\"}'  style=\"font-weight:normal;color:#ffffff;\"><p>Capacit\u00e9 de 20 et 30m\u00b3 h\u00e9rissons verticaux \u00d8 1050mm<\/p><\/div><\/div><a class=\"ult-new-ib-link\" href=\"http:\/\/www.perard.fr\/?page_id=10998\" title=\"Optium s\u00e9rie SL \u2013 H\u00e9rissons \u00d8 1050\"  ><\/a><\/div>[\/vc_column_inner][vc_column_inner width=\u00a0\u00bb1\/3&Prime;]<div class=\"ult-new-ib ult-ib-effect-style13  ult-ib-resp  \" data-min-width=\"768\" data-max-width=\"900\" style=\"background:#000000;\" data-opacity=\"0.5\" data-hover-opacity=\"0.8\" ><img decoding=\"async\" class=\"ult-new-ib-img\" style=\"opacity:0.5;\" alt=\"null\" src=\"https:\/\/www.perard.fr\/wp-content\/uploads\/2020\/05\/IMG_2334.jpg\"   \/><div id=\"interactive-banner-wrap-7178\" class=\"ult-new-ib-desc\" style=\"\"><h2 class=\"ult-new-ib-title ult-responsive\"  data-ultimate-target='#interactive-banner-wrap-7178 .ult-new-ib-title'  data-responsive-json-new='{\"font-size\":\"desktop:16px;\",\"line-height\":\"\"}'  style=\"font-family:&#039;Raleway&#039;;font-weight:600;\">Epandeur CVK<\/h2><div class=\"ult-new-ib-content ult-responsive\"  data-ultimate-target='#interactive-banner-wrap-7178 .ult-new-ib-content'  data-responsive-json-new='{\"font-size\":\"\",\"line-height\":\"\"}'  style=\"font-weight:normal;color:#ffffff;\"><p>\u00c9pandeur sur porteur<\/p><\/div><\/div><a class=\"ult-new-ib-link\" href=\"http:\/\/www.perard.fr\/?page_id=11020\" title=\"Optium s\u00e9rie CVK \u2013 H\u00e9rissons \u00d8 750\"  ><\/a><\/div>[\/vc_column_inner][\/vc_row_inner][vc_empty_space height=\u00a0\u00bb20px\u00a0\u00bb][vc_row_inner][vc_column_inner width=\u00a0\u00bb1\/3&Prime;]<div class=\"ult-new-ib ult-ib-effect-style13  ult-ib-resp  \" data-min-width=\"768\" data-max-width=\"900\" style=\"background:#000000;\" data-opacity=\"0.5\" data-hover-opacity=\"0.8\" ><img decoding=\"async\" class=\"ult-new-ib-img\" style=\"opacity:0.5;\" alt=\"null\" src=\"https:\/\/www.perard.fr\/wp-content\/uploads\/2020\/05\/IMG_2114.jpg\"   \/><div id=\"interactive-banner-wrap-1967\" class=\"ult-new-ib-desc\" style=\"\"><h2 class=\"ult-new-ib-title ult-responsive\"  data-ultimate-target='#interactive-banner-wrap-1967 .ult-new-ib-title'  data-responsive-json-new='{\"font-size\":\"desktop:16px;\",\"line-height\":\"\"}'  style=\"font-family:&#039;Raleway&#039;;font-weight:600;\">Caisse \u00e9troite<\/h2><div class=\"ult-new-ib-content ult-responsive\"  data-ultimate-target='#interactive-banner-wrap-1967 .ult-new-ib-content'  data-responsive-json-new='{\"font-size\":\"\",\"line-height\":\"\"}'  style=\"font-weight:normal;color:#ffffff;\"><p>Table d'\u00e9pandage<\/p><\/div><\/div><a class=\"ult-new-ib-link\" href=\"http:\/\/www.perard.fr\/?page_id=11027\" title=\"Optium s\u00e9rie T \u2013 Caisse \u00e9troite\"  ><\/a><\/div>[\/vc_column_inner][vc_column_inner width=\u00a0\u00bb1\/3&Prime;]<div class=\"ult-new-ib ult-ib-effect-style13  ult-ib-resp  \" data-min-width=\"768\" data-max-width=\"900\" style=\"background:#000000;\" data-opacity=\"0.5\" data-hover-opacity=\"0.8\" ><img decoding=\"async\" class=\"ult-new-ib-img\" style=\"opacity:0.5;\" alt=\"null\" src=\"https:\/\/www.perard.fr\/wp-content\/uploads\/2020\/05\/IMG_2709.jpg\"   \/><div id=\"interactive-banner-wrap-9229\" class=\"ult-new-ib-desc\" style=\"\"><h2 class=\"ult-new-ib-title ult-responsive\"  data-ultimate-target='#interactive-banner-wrap-9229 .ult-new-ib-title'  data-responsive-json-new='{\"font-size\":\"desktop:16px;\",\"line-height\":\"\"}'  style=\"font-family:&#039;Raleway&#039;;font-weight:600;\">Caisse large<\/h2><div class=\"ult-new-ib-content ult-responsive\"  data-ultimate-target='#interactive-banner-wrap-9229 .ult-new-ib-content'  data-responsive-json-new='{\"font-size\":\"\",\"line-height\":\"\"}'  style=\"font-weight:normal;color:#ffffff;\"><p>Table d'\u00e9pandage<\/p><\/div><\/div><a class=\"ult-new-ib-link\" href=\"http:\/\/www.perard.fr\/?page_id=11043\" title=\"Optium s\u00e9rie T \u2013 Caisse large\"  ><\/a><\/div>[\/vc_column_inner][\/vc_row_inner][\/vc_column][\/vc_row]<\/p>\n<\/div>","protected":false},"excerpt":{"rendered":"<p>[vc_row css=\u00a0\u00bb.vc_custom_1480791263873{margin-top: 120px !important;margin-bottom: 120px !important;}\u00a0\u00bb][vc_column width=\u00a0\u00bb1\/3&Prime;][vc_empty_space height=\u00a0\u00bb10px\u00a0\u00bb][vc_custom_heading text=\u00a0\u00bbESPARCIDOR OPTIUM\u00a0\u00bb use_theme_fonts=\u00a0\u00bbyes\u00a0\u00bb][vc_empty_space height=\u00a0\u00bb20px\u00a0\u00bb][vc_column_text]Perard dispone de tres tipos de esparcidores con rotores verticales de \u00f8 750 mm, 860 mm y 1050 mm, con capacidades desde 9 hasta 30 m3, y una gama de esparcidores con capacidades desde 17 hasta 21 m3. Los esparcidores Optium con rotores verticales [&hellip;]<\/p>\n","protected":false},"author":1,"featured_media":0,"parent":0,"menu_order":0,"comment_status":"closed","ping_status":"closed","template":"page.php","meta":{"footnotes":""},"class_list":["post-12452","page","type-page","status-publish","hentry"],"_links":{"self":[{"href":"https:\/\/www.perard.fr\/index.php?rest_route=\/wp\/v2\/pages\/12452","targetHints":{"allow":["GET"]}}],"collection":[{"href":"https:\/\/www.perard.fr\/index.php?rest_route=\/wp\/v2\/pages"}],"about":[{"href":"https:\/\/www.perard.fr\/index.php?rest_route=\/wp\/v2\/types\/page"}],"author":[{"embeddable":true,"href":"https:\/\/www.perard.fr\/index.php?rest_route=\/wp\/v2\/users\/1"}],"replies":[{"embeddable":true,"href":"https:\/\/www.perard.fr\/index.php?rest_route=%2Fwp%2Fv2%2Fcomments&post=12452"}],"version-history":[{"count":1,"href":"https:\/\/www.perard.fr\/index.php?rest_route=\/wp\/v2\/pages\/12452\/revisions"}],"predecessor-version":[{"id":12453,"href":"https:\/\/www.perard.fr\/index.php?rest_route=\/wp\/v2\/pages\/12452\/revisions\/12453"}],"wp:attachment":[{"href":"https:\/\/www.perard.fr\/index.php?rest_route=%2Fwp%2Fv2%2Fmedia&parent=12452"}],"curies":[{"name":"wp","href":"https:\/\/api.w.org\/{rel}","templated":true}]}}