{"id":12448,"date":"2024-06-05T11:15:33","date_gmt":"2024-06-05T09:15:33","guid":{"rendered":"https:\/\/www.perard.fr\/?page_id=12448"},"modified":"2024-06-05T16:06:07","modified_gmt":"2024-06-05T14:06:07","slug":"remolques-de-grano","status":"publish","type":"page","link":"https:\/\/www.perard.fr\/?page_id=12448&lang=es","title":{"rendered":"Remolques de grano"},"content":{"rendered":"<div class=\"wpb-content-wrapper\"><p>[vc_row css=\u00a0\u00bb.vc_custom_1480791263873{margin-top: 120px !important;margin-bottom: 120px !important;}\u00a0\u00bb][vc_column width=\u00a0\u00bb1\/3&Prime;][vc_empty_space height=\u00a0\u00bb10px\u00a0\u00bb][vc_custom_heading text=\u00a0\u00bbREMOLQUES DE GRANO\u00a0\u00bb use_theme_fonts=\u00a0\u00bbyes\u00a0\u00bb][vc_empty_space height=\u00a0\u00bb20px\u00a0\u00bb][vc_column_text]Perard ha dise\u00f1ado dos familias de transbordadores: X-Flow e Interbenne.<\/p>\n<p>Los X-Flow son transbordadores equipados con un gran sinf\u00edn, dise\u00f1ados para optimizar las operaciones de recolecci\u00f3n y minimizar la compactaci\u00f3n. Est\u00e1n disponibles en dos versiones: un solo eje o doble eje; y en 6 modelos: desde 15 hasta 71 m<sup>3<\/sup>.<\/p>\n<p>&nbsp;<\/p>\n<p>Los transbordadores Interbenne ofrecen un alto rendimiento de trabajo, son pr\u00e1cticos y sumamente vers\u00e1tiles (adem\u00e1s del grano, puede utilizarse para el transporte de fertilizantes, semillas, etc.). \u00a0Fabricados con dos y tres ejes, con capacidades desde 30 hasta 52 m<sup>3<\/sup>.[\/vc_column_text]<div class=\"ult-spacer spacer-69ff45ab2e4b7\" data-id=\"69ff45ab2e4b7\" data-height=\"0\" data-height-mobile=\"40\" data-height-tab=\"\" data-height-tab-portrait=\"\" data-height-mobile-landscape=\"40\" style=\"clear:both;display:block;\"><\/div>[\/vc_column][vc_column width=\u00a0\u00bb2\/3&Prime;][vc_row_inner][vc_column_inner width=\u00a0\u00bb1\/3&Prime;]<div class=\"ult-new-ib ult-ib-effect-style13  ult-ib-resp  \" data-min-width=\"768\" data-max-width=\"900\" style=\"background:#000000;\" data-opacity=\"0.5\" data-hover-opacity=\"0.8\" ><img decoding=\"async\" class=\"ult-new-ib-img\" style=\"opacity:0.5;\" alt=\"null\" src=\"https:\/\/www.perard.fr\/wp-content\/uploads\/2020\/05\/IMG_1834.jpg\"   \/><div id=\"interactive-banner-wrap-9299\" class=\"ult-new-ib-desc\" style=\"\"><h2 class=\"ult-new-ib-title ult-responsive\"  data-ultimate-target='#interactive-banner-wrap-9299 .ult-new-ib-title'  data-responsive-json-new='{\"font-size\":\"desktop:15px;\",\"line-height\":\"\"}'  style=\"font-family:&#039;Montserrat&#039;;font-weight:700;\">X-Flow 15 y 19<\/h2><div class=\"ult-new-ib-content ult-responsive\"  data-ultimate-target='#interactive-banner-wrap-9299 .ult-new-ib-content'  data-responsive-json-new='{\"font-size\":\"\",\"line-height\":\"\"}'  style=\"font-weight:normal;color:#ffffff;\"><p>Capacidad de 15 y 19m\u00b3 en un solo eje<\/p><\/div><\/div><a class=\"ult-new-ib-link\" href=\"https:\/\/www.perard.fr\/es\/remolques-de-grano\/x-flow-15-y-19\/\" title=\"X-Flow 15 y 19\"  ><\/a><\/div>[\/vc_column_inner][vc_column_inner width=\u00a0\u00bb1\/3&Prime;]<div class=\"ult-new-ib ult-ib-effect-style13  ult-ib-resp  \" data-min-width=\"768\" data-max-width=\"900\" style=\"background:#000000;\" data-opacity=\"0.5\" data-hover-opacity=\"0.8\" ><img decoding=\"async\" class=\"ult-new-ib-img\" style=\"opacity:0.5;\" alt=\"null\" src=\"https:\/\/www.perard.fr\/wp-content\/uploads\/2020\/05\/IMG_1377.jpg\"   \/><div id=\"interactive-banner-wrap-1184\" class=\"ult-new-ib-desc\" style=\"\"><h2 class=\"ult-new-ib-title ult-responsive\"  data-ultimate-target='#interactive-banner-wrap-1184 .ult-new-ib-title'  data-responsive-json-new='{\"font-size\":\"desktop:15px;\",\"line-height\":\"\"}'  style=\"font-family:&#039;Montserrat&#039;;font-weight:700;\">X-Flow 28 y 34<\/h2><div class=\"ult-new-ib-content ult-responsive\"  data-ultimate-target='#interactive-banner-wrap-1184 .ult-new-ib-content'  data-responsive-json-new='{\"font-size\":\"\",\"line-height\":\"\"}'  style=\"font-weight:normal;color:#ffffff;\"><p>Capacidad de 28 y 34m\u00b3 en doble eje<\/p><\/div><\/div><a class=\"ult-new-ib-link\" href=\"https:\/\/www.perard.fr\/es\/remolques-de-grano\/x-flow-28-y-34\/\" title=\"X-Flow 28 y 34\"  ><\/a><\/div>[\/vc_column_inner][vc_column_inner width=\u00a0\u00bb1\/3&Prime;]<div class=\"ult-new-ib ult-ib-effect-style13  ult-ib-resp  \" data-min-width=\"768\" data-max-width=\"900\" style=\"background:#0f0f0f;\" data-opacity=\"0.5\" data-hover-opacity=\"0.8\" ><img decoding=\"async\" class=\"ult-new-ib-img\" style=\"opacity:0.5;\" alt=\"null\" src=\"https:\/\/www.perard.fr\/wp-content\/uploads\/2023\/09\/X-Flow71.jpeg\"   \/><div id=\"interactive-banner-wrap-2535\" class=\"ult-new-ib-desc\" style=\"\"><h2 class=\"ult-new-ib-title ult-responsive\"  data-ultimate-target='#interactive-banner-wrap-2535 .ult-new-ib-title'  data-responsive-json-new='{\"font-size\":\"desktop:15px;\",\"line-height\":\"\"}'  style=\"font-weight:normal;\">X-Flow 64 y 71<\/h2><div class=\"ult-new-ib-content ult-responsive\"  data-ultimate-target='#interactive-banner-wrap-2535 .ult-new-ib-content'  data-responsive-json-new='{\"font-size\":\"\",\"line-height\":\"\"}'  style=\"font-weight:normal;\"><p>Capacidad de 64 y 71m\u00b3 en ejes triples<\/p><\/div><\/div><a class=\"ult-new-ib-link\" href=\"https:\/\/www.perard.fr\/es\/remolques-de-grano\/x-flow-64-y-71\/\" title=\"X-Flow 64 y 71\"  ><\/a><\/div>[\/vc_column_inner][\/vc_row_inner][vc_empty_space height=\u00a0\u00bb20px\u00a0\u00bb][vc_row_inner][vc_column_inner width=\u00a0\u00bb1\/3&Prime;]<div class=\"ult-new-ib ult-ib-effect-style13  ult-ib-resp  \" data-min-width=\"768\" data-max-width=\"900\" style=\"background:#000000;\" data-opacity=\"0.5\" data-hover-opacity=\"0.8\" ><img decoding=\"async\" class=\"ult-new-ib-img\" style=\"opacity:0.5;\" alt=\"Transbordeur Interbenne Perard\" src=\"https:\/\/www.perard.fr\/wp-content\/uploads\/2024\/04\/DJI_0933_2.jpg\"   \/><div id=\"interactive-banner-wrap-7435\" class=\"ult-new-ib-desc\" style=\"\"><h2 class=\"ult-new-ib-title ult-responsive\"  data-ultimate-target='#interactive-banner-wrap-7435 .ult-new-ib-title'  data-responsive-json-new='{\"font-size\":\"desktop:16px;\",\"line-height\":\"\"}'  style=\"font-family:&#039;Raleway&#039;;font-weight:600;\">Interbenne 30<\/h2><div class=\"ult-new-ib-content ult-responsive\"  data-ultimate-target='#interactive-banner-wrap-7435 .ult-new-ib-content'  data-responsive-json-new='{\"font-size\":\"\",\"line-height\":\"\"}'  style=\"font-weight:normal;color:#ffffff;\"><p>Capacidad de 30m\u00b3 en doble eje.<\/p><\/div><\/div><a class=\"ult-new-ib-link\" href=\"https:\/\/www.perard.fr\/es\/interbenne-27\/\" title=\"Interbenne 30\"  ><\/a><\/div>[\/vc_column_inner][vc_column_inner width=\u00a0\u00bb1\/3&Prime;]<div class=\"ult-new-ib ult-ib-effect-style13  ult-ib-resp  \" data-min-width=\"768\" data-max-width=\"900\" style=\"background:#000000;\" data-opacity=\"0.5\" data-hover-opacity=\"0.8\" ><img decoding=\"async\" class=\"ult-new-ib-img\" style=\"opacity:0.5;\" alt=\"Transbordeur Interbenne Perard\" src=\"https:\/\/www.perard.fr\/wp-content\/uploads\/2024\/04\/DJI_0338-2.jpg\"   \/><div id=\"interactive-banner-wrap-4910\" class=\"ult-new-ib-desc\" style=\"\"><h2 class=\"ult-new-ib-title ult-responsive\"  data-ultimate-target='#interactive-banner-wrap-4910 .ult-new-ib-title'  data-responsive-json-new='{\"font-size\":\"desktop:16px;\",\"line-height\":\"\"}'  style=\"font-family:&#039;Raleway&#039;;font-weight:600;\">Interbenne 40<\/h2><div class=\"ult-new-ib-content ult-responsive\"  data-ultimate-target='#interactive-banner-wrap-4910 .ult-new-ib-content'  data-responsive-json-new='{\"font-size\":\"\",\"line-height\":\"\"}'  style=\"font-weight:normal;color:#ffffff;\"><p>Capacidad de 40m\u00b3 en eje tridem<\/p><\/div><\/div><a class=\"ult-new-ib-link\" href=\"https:\/\/www.perard.fr\/es\/remolques-de-grano\/interbenne-40\/\" title=\"Interbenne 40\"  ><\/a><\/div>[\/vc_column_inner][vc_column_inner width=\u00a0\u00bb1\/3&Prime;]<div class=\"ult-new-ib ult-ib-effect-style13  ult-ib-resp  \" data-min-width=\"768\" data-max-width=\"900\" style=\"background:#000000;\" data-opacity=\"0.5\" data-hover-opacity=\"0.8\" ><img decoding=\"async\" class=\"ult-new-ib-img\" style=\"opacity:0.5;\" alt=\"Transbordeur Interbenne Perard\" src=\"https:\/\/www.perard.fr\/wp-content\/uploads\/2024\/04\/DJI_0015.jpg\"   \/><div id=\"interactive-banner-wrap-1161\" class=\"ult-new-ib-desc\" style=\"\"><h2 class=\"ult-new-ib-title ult-responsive\"  data-ultimate-target='#interactive-banner-wrap-1161 .ult-new-ib-title'  data-responsive-json-new='{\"font-size\":\"desktop:16px;\",\"line-height\":\"\"}'  style=\"font-family:&#039;Raleway&#039;;font-weight:600;\">Interbenne 46 y 52<\/h2><div class=\"ult-new-ib-content ult-responsive\"  data-ultimate-target='#interactive-banner-wrap-1161 .ult-new-ib-content'  data-responsive-json-new='{\"font-size\":\"\",\"line-height\":\"\"}'  style=\"font-weight:normal;color:#ffffff;\"><p>Capacidad de 46 y 52m\u00b3 en eje tridem<\/p><\/div><\/div><a class=\"ult-new-ib-link\" href=\"https:\/\/www.perard.fr\/es\/remolques-de-grano\/interbenne-46-y-52\/\" title=\"Interbenne 46 y 52\"  ><\/a><\/div>[\/vc_column_inner][\/vc_row_inner][\/vc_column][\/vc_row]<\/p>\n<\/div>","protected":false},"excerpt":{"rendered":"<p>[vc_row css=\u00a0\u00bb.vc_custom_1480791263873{margin-top: 120px !important;margin-bottom: 120px !important;}\u00a0\u00bb][vc_column width=\u00a0\u00bb1\/3&Prime;][vc_empty_space height=\u00a0\u00bb10px\u00a0\u00bb][vc_custom_heading text=\u00a0\u00bbREMOLQUES DE GRANO\u00a0\u00bb use_theme_fonts=\u00a0\u00bbyes\u00a0\u00bb][vc_empty_space height=\u00a0\u00bb20px\u00a0\u00bb][vc_column_text]Perard ha dise\u00f1ado dos familias de transbordadores: X-Flow e Interbenne. Los X-Flow son transbordadores equipados con un gran sinf\u00edn, dise\u00f1ados para optimizar las operaciones de recolecci\u00f3n y minimizar la compactaci\u00f3n. Est\u00e1n disponibles en dos versiones: un solo eje o doble eje; y en [&hellip;]<\/p>\n","protected":false},"author":1,"featured_media":0,"parent":0,"menu_order":0,"comment_status":"closed","ping_status":"closed","template":"page.php","meta":{"footnotes":""},"class_list":["post-12448","page","type-page","status-publish","hentry"],"_links":{"self":[{"href":"https:\/\/www.perard.fr\/index.php?rest_route=\/wp\/v2\/pages\/12448","targetHints":{"allow":["GET"]}}],"collection":[{"href":"https:\/\/www.perard.fr\/index.php?rest_route=\/wp\/v2\/pages"}],"about":[{"href":"https:\/\/www.perard.fr\/index.php?rest_route=\/wp\/v2\/types\/page"}],"author":[{"embeddable":true,"href":"https:\/\/www.perard.fr\/index.php?rest_route=\/wp\/v2\/users\/1"}],"replies":[{"embeddable":true,"href":"https:\/\/www.perard.fr\/index.php?rest_route=%2Fwp%2Fv2%2Fcomments&post=12448"}],"version-history":[{"count":4,"href":"https:\/\/www.perard.fr\/index.php?rest_route=\/wp\/v2\/pages\/12448\/revisions"}],"predecessor-version":[{"id":12498,"href":"https:\/\/www.perard.fr\/index.php?rest_route=\/wp\/v2\/pages\/12448\/revisions\/12498"}],"wp:attachment":[{"href":"https:\/\/www.perard.fr\/index.php?rest_route=%2Fwp%2Fv2%2Fmedia&parent=12448"}],"curies":[{"name":"wp","href":"https:\/\/api.w.org\/{rel}","templated":true}]}}