{"id":12277,"date":"2023-06-27T10:31:07","date_gmt":"2023-06-27T08:31:07","guid":{"rendered":"http:\/\/www.perard.fr\/?page_id=12277"},"modified":"2023-09-14T11:28:55","modified_gmt":"2023-09-14T09:28:55","slug":"interbenne-46-e-52","status":"publish","type":"page","link":"https:\/\/www.perard.fr\/?page_id=12277&lang=it","title":{"rendered":"Interbenne 46 e 52"},"content":{"rendered":"<div class=\"wpb-content-wrapper\"><p>[vc_row][vc_column]\n\t\t\t<!-- START Interbenne46 REVOLUTION SLIDER 6.7.35 --><p class=\"rs-p-wp-fix\"><\/p>\n\t\t\t<rs-module-wrap id=\"rev_slider_34_1_wrapper\" data-source=\"gallery\" style=\"visibility:hidden;background:transparent;padding:0;margin:0px auto;margin-top:0;margin-bottom:0;\">\n\t\t\t\t<rs-module id=\"rev_slider_34_1\" style=\"\" data-version=\"6.7.35\">\n\t\t\t\t\t<rs-slides style=\"overflow: hidden; position: absolute;\">\n\t\t\t\t\t\t<rs-slide style=\"position: absolute;\" data-key=\"rs-82\" data-title=\"Xflow15\" data-anim=\"adpr:false;\" data-in=\"o:0;\" data-out=\"a:false;\">\n\t\t\t\t\t\t\t<img decoding=\"async\" src=\"\/\/www.perard.fr\/wp-content\/plugins\/revslider\/sr6\/assets\/assets\/dummy.png\" alt=\"\" title=\"default\" width=\"2048\" height=\"1352\" class=\"rev-slidebg tp-rs-img rs-lazyload\" data-lazyload=\"\/\/www.perard.fr\/wp-content\/uploads\/2023\/09\/DJI_0813.jpg\" data-bg=\"p:0% 80%;\" data-no-retina>\n<!---->\t\t\t\t\t<\/rs-slide>\n\t\t\t\t\t<\/rs-slides>\n\t\t\t\t<\/rs-module>\n\t\t\t\t<script>\n\t\t\t\t\tsetREVStartSize({c: 'rev_slider_34_1',rl:[1240,1024,778,480],el:[900],gw:[1240],gh:[900],type:'hero',justify:'',layout:'fullwidth',mh:\"0\"});if (window.RS_MODULES!==undefined && window.RS_MODULES.modules!==undefined && window.RS_MODULES.modules[\"revslider341\"]!==undefined) {window.RS_MODULES.modules[\"revslider341\"].once = false;window.revapi34 = undefined;if (window.RS_MODULES.checkMinimal!==undefined) window.RS_MODULES.checkMinimal()}\n\t\t\t\t<\/script>\n\t\t\t<\/rs-module-wrap>\n\t\t\t<!-- END REVOLUTION SLIDER -->\n[\/vc_column][\/vc_row][vc_section][vc_row][vc_column width=\u00a0\u00bb1\/2&Prime;][vc_empty_space height=\u00a0\u00bb80px\u00a0\u00bb][vc_column_text]<strong>L&rsquo;Interbenne 46 \u00e8 dotato di una tubazione \u00d8 700 mm<\/strong> e di una coclea \u00d8 600 mm che consente di ottenere una velocit\u00e0 di scarico record di circa 1 minuto per 46 m\u00b3 senza alcun rischio di compressione e quindi di rottura della granella.[\/vc_column_text][vc_empty_space]<div class=\"aio-icon-component    style_1\"><div id=\"Info-box-wrap-3919\" class=\"aio-icon-box default-icon\" style=\"\"  ><div class=\"aio-icon-default\"><div class=\"ult-just-icon-wrapper  \"><div class=\"align-icon\" style=\"text-align:center;\">\n<div class=\"aio-icon none \"  style=\"color:#333;font-size:32px;display:inline-block;\">\n\t<i class=\"linearicons-thumbs-up3\"><\/i>\n<\/div><\/div><\/div><\/div><div class=\"aio-icon-header\" ><h3 class=\"aio-icon-title ult-responsive\"  data-ultimate-target='#Info-box-wrap-3919 .aio-icon-title'  data-responsive-json-new='{\"font-size\":\"\",\"line-height\":\"\"}'  style=\"\">GRANDE FLUSSO<\/h3><\/div> <!-- header --><div class=\"aio-icon-description ult-responsive\"  data-ultimate-target='#Info-box-wrap-3919 .aio-icon-description'  data-responsive-json-new='{\"font-size\":\"\",\"line-height\":\"\"}'  style=\"\"><\/p>\n<p style=\"text-align: left;\">L&rsquo;Interbenne 46 pu\u00f2 seguire diverse mietitrebbie, anche con produzioni di mais molto elevate.<\/p>\n<p><\/div> <!-- description --><\/div> <!-- aio-icon-box --><\/div> <!-- aio-icon-component -->[\/vc_column][vc_column width=\u00a0\u00bb1\/2&Prime;][vc_empty_space height=\u00a0\u00bb15px\u00a0\u00bb]\n\t\t\t<!-- START Interbenne46_2 REVOLUTION SLIDER 6.7.35 --><p class=\"rs-p-wp-fix\"><\/p>\n\t\t\t<rs-module-wrap id=\"rev_slider_35_2_wrapper\" data-source=\"gallery\" style=\"visibility:hidden;background:transparent;padding:0;margin:0px auto;margin-top:0;margin-bottom:0;\">\n\t\t\t\t<rs-module id=\"rev_slider_35_2\" style=\"\" data-version=\"6.7.35\">\n\t\t\t\t\t<rs-slides style=\"overflow: hidden; position: absolute;\">\n\t\t\t\t\t\t<rs-slide style=\"position: absolute;\" data-key=\"rs-83\" data-title=\"Slide\" data-thumb=\"\/\/www.perard.fr\/wp-content\/uploads\/2023\/09\/DJI_0839-50x100.jpg\" data-anim=\"adpr:false;\" data-in=\"o:0;\" data-out=\"a:false;\">\n\t\t\t\t\t\t\t<img decoding=\"async\" src=\"\/\/www.perard.fr\/wp-content\/plugins\/revslider\/sr6\/assets\/assets\/dummy.png\" alt=\"\" title=\"Interbenne 46\" width=\"1516\" height=\"853\" class=\"rev-slidebg tp-rs-img rs-lazyload\" data-lazyload=\"\/\/www.perard.fr\/wp-content\/uploads\/2023\/09\/DJI_0839.jpg\" data-no-retina>\n<!---->\t\t\t\t\t<\/rs-slide>\n\t\t\t\t\t\t<rs-slide style=\"position: absolute;\" data-key=\"rs-84\" data-title=\"Slide\" data-thumb=\"\/\/www.perard.fr\/wp-content\/uploads\/2023\/09\/IMG_7151-50x100.jpeg\" data-anim=\"adpr:false;\" data-in=\"o:0;\" data-out=\"a:false;\">\n\t\t\t\t\t\t\t<img decoding=\"async\" src=\"\/\/www.perard.fr\/wp-content\/plugins\/revslider\/sr6\/assets\/assets\/dummy.png\" alt=\"\" title=\"Interbenne 46\" width=\"1516\" height=\"853\" class=\"rev-slidebg tp-rs-img rs-lazyload\" data-lazyload=\"\/\/www.perard.fr\/wp-content\/uploads\/2023\/09\/IMG_7151.jpeg\" data-no-retina>\n<!---->\t\t\t\t\t<\/rs-slide>\n\t\t\t\t\t\t<rs-slide style=\"position: absolute;\" data-key=\"rs-85\" data-title=\"Slide\" data-thumb=\"\/\/www.perard.fr\/wp-content\/uploads\/2023\/09\/DJI_0016-50x100.jpg\" data-anim=\"adpr:false;\" data-in=\"o:0;\" data-out=\"a:false;\">\n\t\t\t\t\t\t\t<img decoding=\"async\" src=\"\/\/www.perard.fr\/wp-content\/plugins\/revslider\/sr6\/assets\/assets\/dummy.png\" alt=\"\" title=\"Interbenne 46\" width=\"1516\" height=\"853\" class=\"rev-slidebg tp-rs-img rs-lazyload\" data-lazyload=\"\/\/www.perard.fr\/wp-content\/uploads\/2023\/09\/DJI_0016.jpg\" data-no-retina>\n<!---->\t\t\t\t\t<\/rs-slide>\n\t\t\t\t\t<\/rs-slides>\n\t\t\t\t<\/rs-module>\n\t\t\t\t<script>\n\t\t\t\t\tsetREVStartSize({c: 'rev_slider_35_2',rl:[1240,1024,778,480],el:[850],gw:[1500],gh:[850],type:'standard',justify:'',layout:'fullwidth',mh:\"0\"});if (window.RS_MODULES!==undefined && window.RS_MODULES.modules!==undefined && window.RS_MODULES.modules[\"revslider352\"]!==undefined) {window.RS_MODULES.modules[\"revslider352\"].once = false;window.revapi35 = undefined;if (window.RS_MODULES.checkMinimal!==undefined) window.RS_MODULES.checkMinimal()}\n\t\t\t\t<\/script>\n\t\t\t<\/rs-module-wrap>\n\t\t\t<!-- END REVOLUTION SLIDER -->\n[\/vc_column][\/vc_row][vc_row][vc_column width=\u00a0\u00bb1\/2&Prime;][vc_single_image image=\u00a0\u00bb10963&Prime; img_size=\u00a0\u00bbfull\u00a0\u00bb][\/vc_column][vc_column width=\u00a0\u00bb1\/2&Prime;][vc_empty_space height=\u00a0\u00bb120px\u00a0\u00bb][vc_column_text]Con la larghezza che consente la circolazione stradale e la coclea ad altezza variabile multi-posizione, \u00e8 incredibilmente versatile per lo svuotamento in trincea, il riempimento con fertilizzante o semente.[\/vc_column_text][\/vc_column][\/vc_row][vc_row][vc_column width=\u00a0\u00bb1\/2&Prime;][vc_empty_space][vc_raw_html]JTVCdGFibGUlMjBpZCUzRDY1JTIwJTJGJTVE[\/vc_raw_html][\/vc_column][vc_column width=\u00a0\u00bb1\/2&Prime;][vc_empty_space]<div id=\"ultimate-video-147069ff36fbd9145\" class=\"ult-video  ult-adjust-bottom-margin ultimate-video-147069ff36fbd9145 ultv-6369 \"><div class=\"ultv-video ultv-aspect-ratio-16_9 ultv-subscribe-responsive-none\" data-videotype=\"uv_iframe\">\n\t\t\t\t\t\t<div class=\"ultv-video__outer-wrap\" data-autoplay=\"0\" data-device=\"false\"  data-iconbg=\"#3A3A3A\" data-overcolor=\"\" data-defaultbg=\"#1f1f1e\" data-defaultplay=\"defaulticon\"><div class=\"ultv-video__play\" data-src=\"https:\/\/www.youtube.com\/embed\/g_l7Wjou2mk?rel=0&#038;start&#038;end&#038;controls=1&#038;mute=0&#038;modestbranding=0&#038;autoplay=1\">\n\t\t\t\t\t\t\t\t<img decoding=\"async\" class=\"ultv-video__thumb\" src=\"https:\/\/i.ytimg.com\/vi\/g_l7Wjou2mk\/maxresdefault.jpg\"\/>\n\t\t\t\t\t\t\t\t<div class=\"ultv-video__play-icon  ultv-animation-none\" style=\"width:75px\"><svg height=\"100%\" version=\"1.1\" viewBox=\"0 0 68 48\" width=\"100%\"><path class=\"ultv-youtube-icon-bg\" d=\"m .66,37.62 c 0,0 .66,4.70 2.70,6.77 2.58,2.71 5.98,2.63 7.49,2.91 5.43,.52 23.10,.68 23.12,.68 .00,-1.3e-5 14.29,-0.02 23.81,-0.71 1.32,-0.15 4.22,-0.17 6.81,-2.89 2.03,-2.07 2.70,-6.77 2.70,-6.77 0,0 .67,-5.52 .67,-11.04 l 0,-5.17 c 0,-5.52 -0.67,-11.04 -0.67,-11.04 0,0 -0.66,-4.70 -2.70,-6.77 C 62.03,.86 59.13,.84 57.80,.69 48.28,0 34.00,0 34.00,0 33.97,0 19.69,0 10.18,.69 8.85,.84 5.95,.86 3.36,3.58 1.32,5.65 .66,10.35 .66,10.35 c 0,0 -0.55,4.50 -0.66,9.45 l 0,8.36 c .10,4.94 .66,9.45 .66,9.45 z\" fill=\"#1f1f1e\" ><\/path><path d=\"m 26.96,13.67 18.37,9.62 -18.37,9.55 -0.00,-19.17 z\" fill=\"#fff\"><\/path><path d=\"M 45.02,23.46 45.32,23.28 26.96,13.67 43.32,22.34 45.02,23.46 z\" fill=\"#ccc\"><\/path><\/svg><\/div> <\/div> <\/div><\/div><\/div>[\/vc_column][\/vc_row][\/vc_section]<\/p>\n<\/div>","protected":false},"excerpt":{"rendered":"<p>[vc_row][vc_column][\/vc_column][\/vc_row][vc_section][vc_row][vc_column width=\u00a0\u00bb1\/2&Prime;][vc_empty_space height=\u00a0\u00bb80px\u00a0\u00bb][vc_column_text]L&rsquo;Interbenne 46 \u00e8 dotato di una tubazione \u00d8 700 mm e di una coclea \u00d8 600 mm che consente di ottenere una velocit\u00e0 di scarico record di circa 1 minuto per 46 m\u00b3 senza alcun rischio di compressione e quindi di rottura della granella.[\/vc_column_text][vc_empty_space][\/vc_column][vc_column width=\u00a0\u00bb1\/2&Prime;][vc_empty_space height=\u00a0\u00bb15px\u00a0\u00bb][\/vc_column][\/vc_row][vc_row][vc_column width=\u00a0\u00bb1\/2&Prime;][vc_single_image image=\u00a0\u00bb10963&Prime; img_size=\u00a0\u00bbfull\u00a0\u00bb][\/vc_column][vc_column width=\u00a0\u00bb1\/2&Prime;][vc_empty_space height=\u00a0\u00bb120px\u00a0\u00bb][vc_column_text]Con la larghezza [&hellip;]<\/p>\n","protected":false},"author":1,"featured_media":0,"parent":12260,"menu_order":0,"comment_status":"closed","ping_status":"closed","template":"page.php","meta":{"footnotes":""},"class_list":["post-12277","page","type-page","status-publish","hentry"],"_links":{"self":[{"href":"https:\/\/www.perard.fr\/index.php?rest_route=\/wp\/v2\/pages\/12277","targetHints":{"allow":["GET"]}}],"collection":[{"href":"https:\/\/www.perard.fr\/index.php?rest_route=\/wp\/v2\/pages"}],"about":[{"href":"https:\/\/www.perard.fr\/index.php?rest_route=\/wp\/v2\/types\/page"}],"author":[{"embeddable":true,"href":"https:\/\/www.perard.fr\/index.php?rest_route=\/wp\/v2\/users\/1"}],"replies":[{"embeddable":true,"href":"https:\/\/www.perard.fr\/index.php?rest_route=%2Fwp%2Fv2%2Fcomments&post=12277"}],"version-history":[{"count":4,"href":"https:\/\/www.perard.fr\/index.php?rest_route=\/wp\/v2\/pages\/12277\/revisions"}],"predecessor-version":[{"id":12386,"href":"https:\/\/www.perard.fr\/index.php?rest_route=\/wp\/v2\/pages\/12277\/revisions\/12386"}],"up":[{"embeddable":true,"href":"https:\/\/www.perard.fr\/index.php?rest_route=\/wp\/v2\/pages\/12260"}],"wp:attachment":[{"href":"https:\/\/www.perard.fr\/index.php?rest_route=%2Fwp%2Fv2%2Fmedia&parent=12277"}],"curies":[{"name":"wp","href":"https:\/\/api.w.org\/{rel}","templated":true}]}}