{"id":12166,"date":"2023-05-16T15:50:06","date_gmt":"2023-05-16T13:50:06","guid":{"rendered":"http:\/\/www.perard.fr\/?page_id=12166"},"modified":"2024-04-04T16:04:09","modified_gmt":"2024-04-04T14:04:09","slug":"the-company","status":"publish","type":"page","link":"https:\/\/www.perard.fr\/?page_id=12166&lang=en","title":{"rendered":"The Company"},"content":{"rendered":"<div class=\"wpb-content-wrapper\"><p>[vc_row][vc_column width=\u00a0\u00bb1\/2&Prime;][vc_empty_space height=\u00a0\u00bb120px\u00a0\u00bb][vc_single_image image=\u00a0\u00bb11250&Prime; img_size=\u00a0\u00bbfull\u00a0\u00bb][\/vc_column][vc_column width=\u00a0\u00bb1\/2&Prime;][vc_empty_space height=\u00a0\u00bb60px\u00a0\u00bb][vc_column_text]<\/p>\n<h3>Established in France, on the Baleycourt industrial estate in VERDUN, Meuse (55), PERARD is a family company that manufactures farming equipment.<\/h3>\n<p>&nbsp;<\/p>\n<p>The company was created in 1988 by Patrick PERARD, in addition to his farm. His origins meant he fully understood the different requirements and difficulties encountered by the agricultural community and was thus able to provide appropriate solutions.<\/p>\n<p>&nbsp;<\/p>\n<p>Over the last thirty years, the company has paid attention to the needs of its polyculture breeding region to develop a wide range of innovative and high-quality products designed for cereal farmers, wine-producers, cattle breeders and foresters. PERARD is renowned throughout France and is now present in some 20 countries.<\/p>\n<p>Since 1988, through innovation, rigour and high-quality manufacturing, the PERARD brand has become a key player in agricultural machinery. Certified ISO 9001 since April 2006, PERARD retains a highly-regarded image in the agricultural machinery market.<\/p>\n<p>[\/vc_column_text][\/vc_column][\/vc_row][vc_row][vc_column]<div id=\"ultimate-video-391769ff52cad8d1e\" class=\"ult-video  ult-adjust-bottom-margin ultimate-video-391769ff52cad8d1e ultv-7864 \"><div class=\"ultv-video ultv-aspect-ratio-16_9 ultv-subscribe-responsive-none\" data-videotype=\"vimeo_video\">\n\t\t\t\t\t\t<div class=\"ultv-video__outer-wrap\" data-autoplay=\"0\" data-device=\"false\"  data-iconbg=\"#3A3A3A\" data-overcolor=\"\" data-defaultbg=\"#1f1f1e\" data-defaultplay=\"defaulticon\"><div class=\"ultv-vimeo-wrap\"><div class=\"ultv-vimeo-portrait\">\n\t\t\t\t\t<a href=\"https:\/\/vimeo.com\/perard\"><img decoding=\"async\" src=\"https:\/\/i.vimeocdn.com\/portrait\/89757740_300x300?subrect=799%2C124%2C1543%2C868&r=cover&sig=c23a0797169b54a9dd3b0102e2fd7439d7ddf5ff64c4058e587bd0a654bc9a79&v=1&region=us\"><\/a><\/div><div class=\"ultv-vimeo-headers\"><div class=\"ultv-vimeo-title\">\n\t\t\t\t\t\t\t<a href=\"https:\/\/vimeo.com\/279627090\">Pr\u00e9sentation de l'Usine Perard Transbordeurs, \u00e9pandeurs, scies \u00e0 colza !<\/a>\n\t\t\t\t\t\t<\/div><div class=\"ultv-vimeo-byline\">\n\t\t\t\t\t\tfrom <a href=\"https:\/\/vimeo.com\/279627090\"> PERARD<\/a>\n\t\t\t\t\t<\/div><\/div><\/div><div class=\"ultv-video__play\" data-src=\"https:\/\/player.vimeo.com\/video\/279627090?loop=0&#038;title=1&#038;portrait=1&#038;byline=1&#038;color&#038;autopause=0&#038;autoplay=1\">\n\t\t\t\t\t\t\t\t<img decoding=\"async\" class=\"ultv-video__thumb\" src=\"https:\/\/i.vimeocdn.com\/video\/712887348-4b0e77b88568c708e2065763886030e46ec5df74840e0947dd25cf835053b420-d_840?region=us\"\/>\n\t\t\t\t\t\t\t\t<div class=\"ultv-video__play-icon  ultv-animation-none\" style=\"width:75px\"><svg version=\"1.1\" height=\"100%\" width=\"100%\"  viewBox=\"0 14.375 95 66.25\"><path class=\"ultv-vimeo-icon-bg\" d=\"M12.5,14.375c-6.903,0-12.5,5.597-12.5,12.5v41.25c0,6.902,5.597,12.5,12.5,12.5h70c6.903,0,12.5-5.598,12.5-12.5v-41.25c0-6.903-5.597-12.5-12.5-12.5H12.5z\"\/><polygon fill=\"#FFFFFF\" points=\"39.992,64.299 39.992,30.701 62.075,47.5 \"\/><\/svg><\/div> <\/div> <\/div><\/div><\/div>[\/vc_column][\/vc_row]<\/p>\n<\/div>","protected":false},"excerpt":{"rendered":"<p>[vc_row][vc_column width=\u00a0\u00bb1\/2&Prime;][vc_empty_space height=\u00a0\u00bb120px\u00a0\u00bb][vc_single_image image=\u00a0\u00bb11250&Prime; img_size=\u00a0\u00bbfull\u00a0\u00bb][\/vc_column][vc_column width=\u00a0\u00bb1\/2&Prime;][vc_empty_space height=\u00a0\u00bb60px\u00a0\u00bb][vc_column_text] Established in France, on the Baleycourt industrial estate in VERDUN, Meuse (55), PERARD is a family company that manufactures farming equipment. &nbsp; The company was created in 1988 by Patrick PERARD, in addition to his farm. His origins meant he fully understood the different requirements and difficulties encountered [&hellip;]<\/p>\n","protected":false},"author":1,"featured_media":0,"parent":0,"menu_order":0,"comment_status":"closed","ping_status":"closed","template":"page.php","meta":{"footnotes":""},"class_list":["post-12166","page","type-page","status-publish","hentry"],"_links":{"self":[{"href":"https:\/\/www.perard.fr\/index.php?rest_route=\/wp\/v2\/pages\/12166","targetHints":{"allow":["GET"]}}],"collection":[{"href":"https:\/\/www.perard.fr\/index.php?rest_route=\/wp\/v2\/pages"}],"about":[{"href":"https:\/\/www.perard.fr\/index.php?rest_route=\/wp\/v2\/types\/page"}],"author":[{"embeddable":true,"href":"https:\/\/www.perard.fr\/index.php?rest_route=\/wp\/v2\/users\/1"}],"replies":[{"embeddable":true,"href":"https:\/\/www.perard.fr\/index.php?rest_route=%2Fwp%2Fv2%2Fcomments&post=12166"}],"version-history":[{"count":3,"href":"https:\/\/www.perard.fr\/index.php?rest_route=\/wp\/v2\/pages\/12166\/revisions"}],"predecessor-version":[{"id":12440,"href":"https:\/\/www.perard.fr\/index.php?rest_route=\/wp\/v2\/pages\/12166\/revisions\/12440"}],"wp:attachment":[{"href":"https:\/\/www.perard.fr\/index.php?rest_route=%2Fwp%2Fv2%2Fmedia&parent=12166"}],"curies":[{"name":"wp","href":"https:\/\/api.w.org\/{rel}","templated":true}]}}