{"id":12096,"date":"2023-05-16T14:36:51","date_gmt":"2023-05-16T12:36:51","guid":{"rendered":"http:\/\/www.perard.fr\/?page_id=12096"},"modified":"2023-05-16T14:36:51","modified_gmt":"2023-05-16T12:36:51","slug":"trans-express-3","status":"publish","type":"page","link":"https:\/\/www.perard.fr\/?page_id=12096&lang=pl","title":{"rendered":"Trans-eXpress"},"content":{"rendered":"<div class=\"wpb-content-wrapper\"><p>[vc_row css=\u00a0\u00bb.vc_custom_1480791263873{margin-top: 120px !important;margin-bottom: 120px !important;}\u00a0\u00bb][vc_column width=\u00a0\u00bb1\/3&Prime;][vc_empty_space height=\u00a0\u00bb10px\u00a0\u00bb][vc_custom_heading text=\u00a0\u00bbTRANS-EXPRESS\u00a0\u00bb use_theme_fonts=\u00a0\u00bbyes\u00a0\u00bb][vc_empty_space height=\u00a0\u00bb20px\u00a0\u00bb][vc_column_text]Nasze urz\u0105dzenia Trans-eXpress to ruchome zasobniki umo\u017cliwiaj\u0105ce \u0142adowanie ci\u0119\u017car\u00f3wki ze zwyk\u0142ej skrzyni \u0142adunkowej. S\u0105 one dost\u0119pne w postaci dw\u00f3ch gam asortymentowych \u2013 Trans-eXpress 500 ze \u015blimakiem i Trans-eXpress 1 000 z przeno\u015bnikiem.[\/vc_column_text]<div class=\"ult-spacer spacer-69ff36e417404\" data-id=\"69ff36e417404\" data-height=\"0\" data-height-mobile=\"40\" data-height-tab=\"\" data-height-tab-portrait=\"\" data-height-mobile-landscape=\"40\" style=\"clear:both;display:block;\"><\/div>[\/vc_column][vc_column width=\u00a0\u00bb2\/3&Prime;][vc_row_inner][vc_column_inner width=\u00a0\u00bb1\/3&Prime;]<div class=\"ult-new-ib ult-ib-effect-style13  ult-ib-resp  \" data-min-width=\"768\" data-max-width=\"900\" style=\"background:#000000;\" data-opacity=\"0.5\" data-hover-opacity=\"0.8\" ><img decoding=\"async\" class=\"ult-new-ib-img\" style=\"opacity:0.5;\" alt=\"null\" src=\"https:\/\/www.perard.fr\/wp-content\/uploads\/2020\/06\/P6270219.jpg\"   \/><div id=\"interactive-banner-wrap-6721\" class=\"ult-new-ib-desc\" style=\"\"><h2 class=\"ult-new-ib-title ult-responsive\"  data-ultimate-target='#interactive-banner-wrap-6721 .ult-new-ib-title'  data-responsive-json-new='{\"font-size\":\"desktop:16px;\",\"line-height\":\"\"}'  style=\"font-family:&#039;Raleway&#039;;font-weight:600;\">Trans-eXpress 500<\/h2><div class=\"ult-new-ib-content ult-responsive\"  data-ultimate-target='#interactive-banner-wrap-6721 .ult-new-ib-content'  data-responsive-json-new='{\"font-size\":\"\",\"line-height\":\"\"}'  style=\"font-weight:normal;color:#ffffff;\"><p>Trans-eXpress ze \u015brub\u0105<\/p><\/div><\/div><a class=\"ult-new-ib-link\" href=\"http:\/\/www.perard.fr\/new\/home\/trans-express\/trans-express-500\/\" title=\"Trans-eXpress 500\"  ><\/a><\/div>[\/vc_column_inner][vc_column_inner width=\u00a0\u00bb1\/3&Prime;]<div class=\"ult-new-ib ult-ib-effect-style13  ult-ib-resp  \" data-min-width=\"768\" data-max-width=\"900\" style=\"background:#000000;\" data-opacity=\"0.5\" data-hover-opacity=\"0.8\" ><img decoding=\"async\" class=\"ult-new-ib-img\" style=\"opacity:0.5;\" alt=\"Trans-eXpress\" src=\"https:\/\/www.perard.fr\/wp-content\/uploads\/2020\/06\/IMG_2383.jpg\"   \/><div id=\"interactive-banner-wrap-5588\" class=\"ult-new-ib-desc\" style=\"\"><h2 class=\"ult-new-ib-title ult-responsive\"  data-ultimate-target='#interactive-banner-wrap-5588 .ult-new-ib-title'  data-responsive-json-new='{\"font-size\":\"desktop:16px;\",\"line-height\":\"\"}'  style=\"font-family:&#039;Raleway&#039;;font-weight:600;\">Trans-eXpress 1000<\/h2><div class=\"ult-new-ib-content ult-responsive\"  data-ultimate-target='#interactive-banner-wrap-5588 .ult-new-ib-content'  data-responsive-json-new='{\"font-size\":\"\",\"line-height\":\"\"}'  style=\"font-weight:normal;color:#ffffff;\"><p>Trans-eXpress z przeno\u015bnikiem<\/p><\/div><\/div><a class=\"ult-new-ib-link\" href=\"http:\/\/www.perard.fr\/new\/home\/trans-express\/trans-express-1000\/\" title=\"Trans-eXpress 1000\"  ><\/a><\/div>[\/vc_column_inner][\/vc_row_inner][\/vc_column][\/vc_row]<\/p>\n<\/div>","protected":false},"excerpt":{"rendered":"<p>[vc_row css=\u00a0\u00bb.vc_custom_1480791263873{margin-top: 120px !important;margin-bottom: 120px !important;}\u00a0\u00bb][vc_column width=\u00a0\u00bb1\/3&Prime;][vc_empty_space height=\u00a0\u00bb10px\u00a0\u00bb][vc_custom_heading text=\u00a0\u00bbTRANS-EXPRESS\u00a0\u00bb use_theme_fonts=\u00a0\u00bbyes\u00a0\u00bb][vc_empty_space height=\u00a0\u00bb20px\u00a0\u00bb][vc_column_text]Nasze urz\u0105dzenia Trans-eXpress to ruchome zasobniki umo\u017cliwiaj\u0105ce \u0142adowanie ci\u0119\u017car\u00f3wki ze zwyk\u0142ej skrzyni \u0142adunkowej. S\u0105 one dost\u0119pne w postaci dw\u00f3ch gam asortymentowych \u2013 Trans-eXpress 500 ze \u015blimakiem i Trans-eXpress 1 000 z przeno\u015bnikiem.[\/vc_column_text][\/vc_column][vc_column width=\u00a0\u00bb2\/3&Prime;][vc_row_inner][vc_column_inner width=\u00a0\u00bb1\/3&Prime;][\/vc_column_inner][vc_column_inner width=\u00a0\u00bb1\/3&Prime;][\/vc_column_inner][\/vc_row_inner][\/vc_column][\/vc_row]<\/p>\n","protected":false},"author":1,"featured_media":0,"parent":0,"menu_order":0,"comment_status":"closed","ping_status":"closed","template":"page.php","meta":{"footnotes":""},"class_list":["post-12096","page","type-page","status-publish","hentry"],"_links":{"self":[{"href":"https:\/\/www.perard.fr\/index.php?rest_route=\/wp\/v2\/pages\/12096","targetHints":{"allow":["GET"]}}],"collection":[{"href":"https:\/\/www.perard.fr\/index.php?rest_route=\/wp\/v2\/pages"}],"about":[{"href":"https:\/\/www.perard.fr\/index.php?rest_route=\/wp\/v2\/types\/page"}],"author":[{"embeddable":true,"href":"https:\/\/www.perard.fr\/index.php?rest_route=\/wp\/v2\/users\/1"}],"replies":[{"embeddable":true,"href":"https:\/\/www.perard.fr\/index.php?rest_route=%2Fwp%2Fv2%2Fcomments&post=12096"}],"version-history":[{"count":1,"href":"https:\/\/www.perard.fr\/index.php?rest_route=\/wp\/v2\/pages\/12096\/revisions"}],"predecessor-version":[{"id":12097,"href":"https:\/\/www.perard.fr\/index.php?rest_route=\/wp\/v2\/pages\/12096\/revisions\/12097"}],"wp:attachment":[{"href":"https:\/\/www.perard.fr\/index.php?rest_route=%2Fwp%2Fv2%2Fmedia&parent=12096"}],"curies":[{"name":"wp","href":"https:\/\/api.w.org\/{rel}","templated":true}]}}