{"id":12077,"date":"2023-05-16T12:18:04","date_gmt":"2023-05-16T10:18:04","guid":{"rendered":"http:\/\/www.perard.fr\/?page_id=12077"},"modified":"2024-04-04T16:04:50","modified_gmt":"2024-04-04T14:04:50","slug":"12077-2","status":"publish","type":"page","link":"https:\/\/www.perard.fr\/?page_id=12077&lang=pl","title":{"rendered":"O NAS"},"content":{"rendered":"<div class=\"wpb-content-wrapper\"><p>[vc_row][vc_column width=\u00a0\u00bb1\/2&Prime;][vc_empty_space height=\u00a0\u00bb120px\u00a0\u00bb][vc_single_image image=\u00a0\u00bb11250&Prime; img_size=\u00a0\u00bbfull\u00a0\u00bb][\/vc_column][vc_column width=\u00a0\u00bb1\/2&Prime;][vc_empty_space height=\u00a0\u00bb60px\u00a0\u00bb][vc_column_text]<\/p>\n<h3>Posiadaj\u0105ca siedzib\u0119 na terenie francuskiego departamentu Meuse (55), w strefie przemys\u0142owej Baleycourt obok miasta VERDUN firma PERARD to rodzinne przedsi\u0119biorstwo prowadz\u0105ce dzia\u0142alno\u015b\u0107 w dziedzinie produkcji urz\u0105dze\u0144 rolniczych.<\/h3>\n<p>&nbsp;<\/p>\n<p>Firm\u0119 za\u0142o\u017cy\u0142 w roku 1988 pan Patrick PERARD jako pewnego rodzaju uzupe\u0142nienie swojego rodzinnego gospodarstwa. Do\u015bwiadczenia z prowadzenia w\u0142asnego gospodarstwa zapewniaj\u0105 mu doskona\u0142\u0105 znajomo\u015b\u0107 potrzeb i trudno\u015bci rolnik\u00f3w oraz opracowywanie optymalnych rozwi\u0105za\u0144 na tej podstawie.<\/p>\n<p>&nbsp;<\/p>\n<p>W okresie ostatnich dwudziestu lat firma opracowa\u0142a wiele niezwykle innowacyjnych produkt\u00f3w o najwy\u017cszej jako\u015bci, doskonale odpowiadaj\u0105cych potrzebom rolnik\u00f3w prowadz\u0105cych w jej regionie dzia\u0142alno\u015b\u0107 w zakresie upraw oraz hodowli, przede wszystkim na potrzeby upraw zbo\u017ca i winnic, ale tak\u017ce przeznaczonych dla gospodarstw hodowlanych oraz le\u015bnictwa.<\/p>\n<p>&nbsp;<\/p>\n<p>Firma PERARD cieszy si\u0119 doskona\u0142\u0105 renom\u0105 na terenie Francji, a obecnie prowadzi r\u00f3wnie\u017c swoj\u0105 dzia\u0142alno\u015b\u0107 w mniej wi\u0119cej dwudziestu innych krajach. Od roku 1988, dzi\u0119ki swojej innowacyjno\u015bci, sumienno\u015bci i jako\u015bci produkcji, marka PERARD sta\u0142a si\u0119 wzorem do na\u015bladowania na rynkach maszyn rolniczych. Od kwietnia 2006 roku firma PERARD posiada certyfikat ISO 9001, co stanowi kolejne potwierdzenie jako\u015bci dzia\u0142alno\u015bci prowadzonej przez ni\u0105 na rynku wyposa\u017cenia dla rolnictwa.[\/vc_column_text][\/vc_column][\/vc_row][vc_row][vc_column]<div id=\"ultimate-video-984869ff36f9eccb9\" class=\"ult-video  ult-adjust-bottom-margin ultimate-video-984869ff36f9eccb9 ultv-8112 \"><div class=\"ultv-video ultv-aspect-ratio-16_9 ultv-subscribe-responsive-none\" data-videotype=\"vimeo_video\">\n\t\t\t\t\t\t<div class=\"ultv-video__outer-wrap\" data-autoplay=\"0\" data-device=\"false\"  data-iconbg=\"#3A3A3A\" data-overcolor=\"\" data-defaultbg=\"#1f1f1e\" data-defaultplay=\"defaulticon\"><div class=\"ultv-vimeo-wrap\"><div class=\"ultv-vimeo-portrait\">\n\t\t\t\t\t<a href=\"https:\/\/vimeo.com\/perard\"><img decoding=\"async\" src=\"https:\/\/i.vimeocdn.com\/portrait\/89757740_300x300?subrect=799%2C124%2C1543%2C868&r=cover&sig=c23a0797169b54a9dd3b0102e2fd7439d7ddf5ff64c4058e587bd0a654bc9a79&v=1&region=us\"><\/a><\/div><div class=\"ultv-vimeo-headers\"><div class=\"ultv-vimeo-title\">\n\t\t\t\t\t\t\t<a href=\"https:\/\/vimeo.com\/279627090\">Pr\u00e9sentation de l'Usine Perard Transbordeurs, \u00e9pandeurs, scies \u00e0 colza !<\/a>\n\t\t\t\t\t\t<\/div><div class=\"ultv-vimeo-byline\">\n\t\t\t\t\t\tfrom <a href=\"https:\/\/vimeo.com\/279627090\"> PERARD<\/a>\n\t\t\t\t\t<\/div><\/div><\/div><div class=\"ultv-video__play\" data-src=\"https:\/\/player.vimeo.com\/video\/279627090?loop=0&#038;title=1&#038;portrait=1&#038;byline=1&#038;color&#038;autopause=0&#038;autoplay=1\">\n\t\t\t\t\t\t\t\t<img decoding=\"async\" class=\"ultv-video__thumb\" src=\"https:\/\/i.vimeocdn.com\/video\/712887348-4b0e77b88568c708e2065763886030e46ec5df74840e0947dd25cf835053b420-d_840?region=us\"\/>\n\t\t\t\t\t\t\t\t<div class=\"ultv-video__play-icon  ultv-animation-none\" style=\"width:75px\"><svg version=\"1.1\" height=\"100%\" width=\"100%\"  viewBox=\"0 14.375 95 66.25\"><path class=\"ultv-vimeo-icon-bg\" d=\"M12.5,14.375c-6.903,0-12.5,5.597-12.5,12.5v41.25c0,6.902,5.597,12.5,12.5,12.5h70c6.903,0,12.5-5.598,12.5-12.5v-41.25c0-6.903-5.597-12.5-12.5-12.5H12.5z\"\/><polygon fill=\"#FFFFFF\" points=\"39.992,64.299 39.992,30.701 62.075,47.5 \"\/><\/svg><\/div> <\/div> <\/div><\/div><\/div>[\/vc_column][\/vc_row]<\/p>\n<\/div>","protected":false},"excerpt":{"rendered":"<p>[vc_row][vc_column width=\u00a0\u00bb1\/2&Prime;][vc_empty_space height=\u00a0\u00bb120px\u00a0\u00bb][vc_single_image image=\u00a0\u00bb11250&Prime; img_size=\u00a0\u00bbfull\u00a0\u00bb][\/vc_column][vc_column width=\u00a0\u00bb1\/2&Prime;][vc_empty_space height=\u00a0\u00bb60px\u00a0\u00bb][vc_column_text] Posiadaj\u0105ca siedzib\u0119 na terenie francuskiego departamentu Meuse (55), w strefie przemys\u0142owej Baleycourt obok miasta VERDUN firma PERARD to rodzinne przedsi\u0119biorstwo prowadz\u0105ce dzia\u0142alno\u015b\u0107 w dziedzinie produkcji urz\u0105dze\u0144 rolniczych. &nbsp; Firm\u0119 za\u0142o\u017cy\u0142 w roku 1988 pan Patrick PERARD jako pewnego rodzaju uzupe\u0142nienie swojego rodzinnego gospodarstwa. Do\u015bwiadczenia z prowadzenia w\u0142asnego gospodarstwa [&hellip;]<\/p>\n","protected":false},"author":1,"featured_media":0,"parent":0,"menu_order":0,"comment_status":"closed","ping_status":"closed","template":"page.php","meta":{"footnotes":""},"class_list":["post-12077","page","type-page","status-publish","hentry"],"_links":{"self":[{"href":"https:\/\/www.perard.fr\/index.php?rest_route=\/wp\/v2\/pages\/12077","targetHints":{"allow":["GET"]}}],"collection":[{"href":"https:\/\/www.perard.fr\/index.php?rest_route=\/wp\/v2\/pages"}],"about":[{"href":"https:\/\/www.perard.fr\/index.php?rest_route=\/wp\/v2\/types\/page"}],"author":[{"embeddable":true,"href":"https:\/\/www.perard.fr\/index.php?rest_route=\/wp\/v2\/users\/1"}],"replies":[{"embeddable":true,"href":"https:\/\/www.perard.fr\/index.php?rest_route=%2Fwp%2Fv2%2Fcomments&post=12077"}],"version-history":[{"count":3,"href":"https:\/\/www.perard.fr\/index.php?rest_route=\/wp\/v2\/pages\/12077\/revisions"}],"predecessor-version":[{"id":12442,"href":"https:\/\/www.perard.fr\/index.php?rest_route=\/wp\/v2\/pages\/12077\/revisions\/12442"}],"wp:attachment":[{"href":"https:\/\/www.perard.fr\/index.php?rest_route=%2Fwp%2Fv2%2Fmedia&parent=12077"}],"curies":[{"name":"wp","href":"https:\/\/api.w.org\/{rel}","templated":true}]}}