{"id":11591,"date":"2020-10-02T14:51:51","date_gmt":"2020-10-02T12:51:51","guid":{"rendered":"http:\/\/www.perard.fr\/new\/?page_id=11591"},"modified":"2023-05-16T14:27:59","modified_gmt":"2023-05-16T12:27:59","slug":"service-apres-vente","status":"publish","type":"page","link":"https:\/\/www.perard.fr\/?page_id=11591","title":{"rendered":"Service apr\u00e8s-vente"},"content":{"rendered":"<div class=\"wpb-content-wrapper\"><p>[vc_row][vc_column width=\u00a0\u00bb1\/2&Prime;][vc_single_image image=\u00a0\u00bb11592&Prime; img_size=\u00a0\u00bbfull\u00a0\u00bb alignment=\u00a0\u00bbcenter\u00a0\u00bb][vc_empty_space][vc_single_image image=\u00a0\u00bb11593&Prime; img_size=\u00a0\u00bbfull\u00a0\u00bb alignment=\u00a0\u00bbcenter\u00a0\u00bb][\/vc_column][vc_column width=\u00a0\u00bb1\/2&Prime;][vc_empty_space height=\u00a0\u00bb100px\u00a0\u00bb][vc_column_text]PERARD dispose en interne d\u2019un service mise en route et apr\u00e8s-vente tr\u00e8s r\u00e9actif.<\/p>\n<p>Des notices d\u2019utilisation et fiches techniques sont disponibles pour nos machines.<\/p>\n<p>Toutes nos machines roulantes sont r\u00e9ceptionn\u00e9es par la DREAL. Elles sont livr\u00e9es avec leur feuille barr\u00e9e rouge respective[\/vc_column_text][\/vc_column][\/vc_row]<\/p>\n<\/div>","protected":false},"excerpt":{"rendered":"<p>[vc_row][vc_column width=\u00a0\u00bb1\/2&Prime;][vc_single_image image=\u00a0\u00bb11592&Prime; img_size=\u00a0\u00bbfull\u00a0\u00bb alignment=\u00a0\u00bbcenter\u00a0\u00bb][vc_empty_space][vc_single_image image=\u00a0\u00bb11593&Prime; img_size=\u00a0\u00bbfull\u00a0\u00bb alignment=\u00a0\u00bbcenter\u00a0\u00bb][\/vc_column][vc_column width=\u00a0\u00bb1\/2&Prime;][vc_empty_space height=\u00a0\u00bb100px\u00a0\u00bb][vc_column_text]PERARD dispose en interne d\u2019un service mise en route et apr\u00e8s-vente tr\u00e8s r\u00e9actif. Des notices d\u2019utilisation et fiches techniques sont disponibles pour nos machines. Toutes nos machines roulantes sont r\u00e9ceptionn\u00e9es par la DREAL. Elles sont livr\u00e9es avec leur feuille barr\u00e9e rouge respective[\/vc_column_text][\/vc_column][\/vc_row]<\/p>\n","protected":false},"author":1,"featured_media":0,"parent":0,"menu_order":0,"comment_status":"closed","ping_status":"closed","template":"page.php","meta":{"footnotes":""},"class_list":["post-11591","page","type-page","status-publish","hentry"],"_links":{"self":[{"href":"https:\/\/www.perard.fr\/index.php?rest_route=\/wp\/v2\/pages\/11591","targetHints":{"allow":["GET"]}}],"collection":[{"href":"https:\/\/www.perard.fr\/index.php?rest_route=\/wp\/v2\/pages"}],"about":[{"href":"https:\/\/www.perard.fr\/index.php?rest_route=\/wp\/v2\/types\/page"}],"author":[{"embeddable":true,"href":"https:\/\/www.perard.fr\/index.php?rest_route=\/wp\/v2\/users\/1"}],"replies":[{"embeddable":true,"href":"https:\/\/www.perard.fr\/index.php?rest_route=%2Fwp%2Fv2%2Fcomments&post=11591"}],"version-history":[{"count":1,"href":"https:\/\/www.perard.fr\/index.php?rest_route=\/wp\/v2\/pages\/11591\/revisions"}],"predecessor-version":[{"id":12039,"href":"https:\/\/www.perard.fr\/index.php?rest_route=\/wp\/v2\/pages\/11591\/revisions\/12039"}],"wp:attachment":[{"href":"https:\/\/www.perard.fr\/index.php?rest_route=%2Fwp%2Fv2%2Fmedia&parent=11591"}],"curies":[{"name":"wp","href":"https:\/\/api.w.org\/{rel}","templated":true}]}}