{"id":11259,"date":"2020-06-23T17:52:09","date_gmt":"2020-06-23T15:52:09","guid":{"rendered":"http:\/\/www.perard.fr\/new\/?page_id=11259"},"modified":"2024-04-04T16:03:15","modified_gmt":"2024-04-04T14:03:15","slug":"entreprise","status":"publish","type":"page","link":"https:\/\/www.perard.fr\/?page_id=11259","title":{"rendered":"L\u2019Entreprise"},"content":{"rendered":"<div class=\"wpb-content-wrapper\"><p>[vc_row][vc_column width=\u00a0\u00bb1\/2&Prime;][vc_empty_space height=\u00a0\u00bb100px\u00a0\u00bb][vc_single_image image=\u00a0\u00bb11250&Prime; img_size=\u00a0\u00bbfull\u00a0\u00bb][\/vc_column][vc_column width=\u00a0\u00bb1\/2&Prime;][vc_empty_space height=\u00a0\u00bb60px\u00a0\u00bb][vc_column_text]<\/p>\n<h3>Implant\u00e9e au c\u0153ur de la Meuse (55), dans la ZI de Baleycourt de VERDUN, la soci\u00e9t\u00e9 PERARD est une entreprise familiale de construction de mat\u00e9riels agricoles.<\/h3>\n<p>&nbsp;<\/p>\n<p>En 1988, Patrick PERARD a cr\u00e9\u00e9 la soci\u00e9t\u00e9 en compl\u00e9ment de son exploitation agricole. Ses origines lui ont permis de conna\u00eetre pr\u00e9cis\u00e9ment les diff\u00e9rents besoins et difficult\u00e9s du milieu agricole et d\u2019apporter ainsi les solutions ad\u00e9quates.<\/p>\n<p>&nbsp;<\/p>\n<p>Au cours de ces trentes derni\u00e8res ann\u00e9es, l\u2019entreprise a su \u00e9couter les besoins de sa r\u00e9gion de polyculture \u00e9levage pour d\u00e9velopper une large gamme de produits innovants et de qualit\u00e9 \u00e0 destination des c\u00e9r\u00e9aliers, des vignerons, des \u00e9leveurs et des forestiers. Renomm\u00e9e en France, la soci\u00e9t\u00e9 PERARD est aujourd\u2019hui pr\u00e9sente dans une vingtaine de pays.<\/p>\n<p>Depuis 1988, gr\u00e2ce \u00e1 l\u2019innovation, la rigueur et la qualit\u00e9 de fabrication, la marque PERARD est devenue incontournable dans le milieu du machinisme agricole. Certifi\u00e9 ISO 9001 depuis avril 2006, PERARD consolide une image respectable sur le march\u00e9 de la machine agricole.[\/vc_column_text][\/vc_column][\/vc_row][vc_row][vc_column]<div id=\"ultimate-video-978769de507bae93f\" class=\"ult-video  ult-adjust-bottom-margin ultimate-video-978769de507bae93f ultv-1167 \"><div class=\"ultv-video ultv-aspect-ratio-16_9 ultv-subscribe-responsive-none\" data-videotype=\"vimeo_video\">\n\t\t\t\t\t\t<div class=\"ultv-video__outer-wrap\" data-autoplay=\"0\" data-device=\"false\"  data-iconbg=\"#3A3A3A\" data-overcolor=\"\" data-defaultbg=\"#1f1f1e\" data-defaultplay=\"defaulticon\"><div class=\"ultv-vimeo-wrap\"><div class=\"ultv-vimeo-portrait\">\n\t\t\t\t\t<a href=\"https:\/\/vimeo.com\/perard\"><img decoding=\"async\" src=\"https:\/\/i.vimeocdn.com\/portrait\/89757740_300x300?subrect=799%2C124%2C1543%2C868&r=cover&sig=c23a0797169b54a9dd3b0102e2fd7439d7ddf5ff64c4058e587bd0a654bc9a79&v=1&region=us\"><\/a><\/div><div class=\"ultv-vimeo-headers\"><div class=\"ultv-vimeo-title\">\n\t\t\t\t\t\t\t<a href=\"https:\/\/vimeo.com\/279627090\">Pr\u00e9sentation de l'Usine Perard Transbordeurs, \u00e9pandeurs, scies \u00e0 colza !<\/a>\n\t\t\t\t\t\t<\/div><div class=\"ultv-vimeo-byline\">\n\t\t\t\t\t\tfrom <a href=\"https:\/\/vimeo.com\/279627090\"> PERARD<\/a>\n\t\t\t\t\t<\/div><\/div><\/div><div class=\"ultv-video__play\" data-src=\"https:\/\/player.vimeo.com\/video\/279627090?loop=0&#038;title=1&#038;portrait=1&#038;byline=1&#038;color&#038;autopause=0&#038;autoplay=1\">\n\t\t\t\t\t\t\t\t<img decoding=\"async\" class=\"ultv-video__thumb\" src=\"https:\/\/i.vimeocdn.com\/video\/712887348-4b0e77b88568c708e2065763886030e46ec5df74840e0947dd25cf835053b420-d_840?region=us\"\/>\n\t\t\t\t\t\t\t\t<div class=\"ultv-video__play-icon  ultv-animation-none\" style=\"width:75px\"><svg version=\"1.1\" height=\"100%\" width=\"100%\"  viewBox=\"0 14.375 95 66.25\"><path class=\"ultv-vimeo-icon-bg\" d=\"M12.5,14.375c-6.903,0-12.5,5.597-12.5,12.5v41.25c0,6.902,5.597,12.5,12.5,12.5h70c6.903,0,12.5-5.598,12.5-12.5v-41.25c0-6.903-5.597-12.5-12.5-12.5H12.5z\"\/><polygon fill=\"#FFFFFF\" points=\"39.992,64.299 39.992,30.701 62.075,47.5 \"\/><\/svg><\/div> <\/div> <\/div><\/div><\/div>[\/vc_column][\/vc_row][vc_row][vc_column width=\u00a0\u00bb1\/2&Prime;][vc_empty_space][vc_row_inner][vc_column_inner width=\u00a0\u00bb1\/2&Prime;][vc_single_image image=\u00a0\u00bb11888&Prime; img_size=\u00a0\u00bbfull\u00a0\u00bb][\/vc_column_inner][vc_column_inner width=\u00a0\u00bb1\/2&Prime;][vc_column_text]Toujours en qu\u00eate de performance, Perard dispose d\u2019un outil de production moderne. L\u2019acquisition en 2024 d\u2019une table de d\u00e9coupe laser fibre de 12 kW soutenue par le FEDER (Fonds Europ\u00e9en de D\u00e9veloppement R\u00e9gional) \u00e0 hauteur de 189 778 euros permet une pr\u00e9cision et une rapidit\u00e9 de d\u00e9coupe in\u00e9gal\u00e9e.[\/vc_column_text][\/vc_column_inner][\/vc_row_inner][vc_column_text]Elle vient s\u2019associer \u00e0 d\u2019autres machines telles que robots de soudure, perceuse num\u00e9rique de 12 m, \u00e9quilibreuse&#8230;[\/vc_column_text][\/vc_column][vc_column width=\u00a0\u00bb1\/2&Prime;][vc_single_image image=\u00a0\u00bb12435&Prime; img_size=\u00a0\u00bbfull\u00a0\u00bb][\/vc_column][\/vc_row]<\/p>\n<\/div>","protected":false},"excerpt":{"rendered":"<p>[vc_row][vc_column width=\u00a0\u00bb1\/2&Prime;][vc_empty_space height=\u00a0\u00bb100px\u00a0\u00bb][vc_single_image image=\u00a0\u00bb11250&Prime; img_size=\u00a0\u00bbfull\u00a0\u00bb][\/vc_column][vc_column width=\u00a0\u00bb1\/2&Prime;][vc_empty_space height=\u00a0\u00bb60px\u00a0\u00bb][vc_column_text] Implant\u00e9e au c\u0153ur de la Meuse (55), dans la ZI de Baleycourt de VERDUN, la soci\u00e9t\u00e9 PERARD est une entreprise familiale de construction de mat\u00e9riels agricoles. &nbsp; En 1988, Patrick PERARD a cr\u00e9\u00e9 la soci\u00e9t\u00e9 en compl\u00e9ment de son exploitation agricole. Ses origines lui ont permis de conna\u00eetre [&hellip;]<\/p>\n","protected":false},"author":1,"featured_media":0,"parent":0,"menu_order":0,"comment_status":"closed","ping_status":"closed","template":"page.php","meta":{"footnotes":""},"class_list":["post-11259","page","type-page","status-publish","hentry"],"_links":{"self":[{"href":"https:\/\/www.perard.fr\/index.php?rest_route=\/wp\/v2\/pages\/11259","targetHints":{"allow":["GET"]}}],"collection":[{"href":"https:\/\/www.perard.fr\/index.php?rest_route=\/wp\/v2\/pages"}],"about":[{"href":"https:\/\/www.perard.fr\/index.php?rest_route=\/wp\/v2\/types\/page"}],"author":[{"embeddable":true,"href":"https:\/\/www.perard.fr\/index.php?rest_route=\/wp\/v2\/users\/1"}],"replies":[{"embeddable":true,"href":"https:\/\/www.perard.fr\/index.php?rest_route=%2Fwp%2Fv2%2Fcomments&post=11259"}],"version-history":[{"count":11,"href":"https:\/\/www.perard.fr\/index.php?rest_route=\/wp\/v2\/pages\/11259\/revisions"}],"predecessor-version":[{"id":12439,"href":"https:\/\/www.perard.fr\/index.php?rest_route=\/wp\/v2\/pages\/11259\/revisions\/12439"}],"wp:attachment":[{"href":"https:\/\/www.perard.fr\/index.php?rest_route=%2Fwp%2Fv2%2Fmedia&parent=11259"}],"curies":[{"name":"wp","href":"https:\/\/api.w.org\/{rel}","templated":true}]}}