{"id":11057,"date":"2020-05-20T11:24:25","date_gmt":"2020-05-20T09:24:25","guid":{"rendered":"http:\/\/www.perard.fr\/new\/?page_id=11057"},"modified":"2023-05-16T15:02:42","modified_gmt":"2023-05-16T13:02:42","slug":"trans-express-500","status":"publish","type":"page","link":"https:\/\/www.perard.fr\/?page_id=11057","title":{"rendered":"Trans-eXpress 500"},"content":{"rendered":"<div class=\"wpb-content-wrapper\"><p>[vc_row][vc_column]\n\t\t\t<!-- START TE 500 REVOLUTION SLIDER 6.7.35 --><p class=\"rs-p-wp-fix\"><\/p>\n\t\t\t<rs-module-wrap id=\"rev_slider_6_1_wrapper\" data-source=\"gallery\" style=\"visibility:hidden;background:transparent;padding:0;margin:0px auto;margin-top:0;margin-bottom:0;\">\n\t\t\t\t<rs-module id=\"rev_slider_6_1\" style=\"\" data-version=\"6.7.35\">\n\t\t\t\t\t<rs-slides style=\"overflow: hidden; position: absolute;\">\n\t\t\t\t\t\t<rs-slide style=\"position: absolute;\" data-key=\"rs-13\" data-title=\"Trans-eXpress Perard\" data-anim=\"ms:1000;r:0;\" data-in=\"o:0;\" data-out=\"a:false;\">\n\t\t\t\t\t\t\t<img decoding=\"async\" src=\"\/\/www.perard.fr\/wp-content\/plugins\/revslider\/sr6\/assets\/assets\/dummy.png\" alt=\"\" title=\"Trans-eXpress Perard\" width=\"2048\" height=\"1365\" class=\"rev-slidebg tp-rs-img rs-lazyload\" data-lazyload=\"\/\/www.perard.fr\/wp-content\/uploads\/2020\/05\/DJI_0023.jpg\" data-bg=\"p:center bottom;\" data-no-retina>\n<!---->\t\t\t\t\t<\/rs-slide>\n\t\t\t\t\t<\/rs-slides>\n\t\t\t\t<\/rs-module>\n\t\t\t\t<script>\n\t\t\t\t\tsetREVStartSize({c: 'rev_slider_6_1',rl:[1240,1024,778,480],el:[900],gw:[1240],gh:[900],type:'hero',justify:'',layout:'fullwidth',mh:\"0\"});if (window.RS_MODULES!==undefined && window.RS_MODULES.modules!==undefined && window.RS_MODULES.modules[\"revslider61\"]!==undefined) {window.RS_MODULES.modules[\"revslider61\"].once = false;window.revapi6 = undefined;if (window.RS_MODULES.checkMinimal!==undefined) window.RS_MODULES.checkMinimal()}\n\t\t\t\t<\/script>\n\t\t\t<\/rs-module-wrap>\n\t\t\t<!-- END REVOLUTION SLIDER -->\n[\/vc_column][\/vc_row][vc_section][vc_row][vc_column width=\u00a0\u00bb1\/2&Prime;][vc_empty_space height=\u00a0\u00bb80px\u00a0\u00bb][vc_column_text]La Trans-eXpress est une fosse mobile qui permet de charger un camion avec une simple benne. 80 cv suffisent \u00e0 entrainer la vis en utilisant les trappes sur la benne. En mode porte automatique compter 130 cv. Le d\u00e9bit de 9 m\u00b3 par minute (d\u00e9bit moyen) de la vis, permet d\u2019avaler le flux d\u2019une benne m\u00eame en position porte automatique.<\/p>\n<p>La Trans-eXpress 500 peut \u00eatre \u00e9quip\u00e9e en option d\u2019un moteur thermique ce qui la rend totalement autonome.<\/p>\n<p>Elle peut \u00e9galement \u00eatre \u00e9quip\u00e9e d\u2019un attelage lat\u00e9ral pour d\u00e9placer la machine pendant la vidange.[\/vc_column_text][\/vc_column][vc_column width=\u00a0\u00bb1\/2&Prime;][vc_empty_space height=\u00a0\u00bb15px\u00a0\u00bb]\n\t\t\t<!-- START TE 500_2 REVOLUTION SLIDER 6.7.35 --><p class=\"rs-p-wp-fix\"><\/p>\n\t\t\t<rs-module-wrap id=\"rev_slider_7_2_wrapper\" data-source=\"gallery\" style=\"visibility:hidden;background:transparent;padding:0;margin:0px auto;margin-top:0;margin-bottom:0;\">\n\t\t\t\t<rs-module id=\"rev_slider_7_2\" style=\"\" data-version=\"6.7.35\">\n\t\t\t\t\t<rs-slides style=\"overflow: hidden; position: absolute;\">\n\t\t\t\t\t\t<rs-slide style=\"position: absolute;\" data-key=\"rs-14\" data-title=\"Trans-eXpress\" data-thumb=\"\/\/www.perard.fr\/wp-content\/uploads\/2020\/05\/20170529_140307808_iOS-50x100.jpg\" data-anim=\"ms:1000;r:0;\" data-in=\"o:0;\" data-out=\"a:false;\">\n\t\t\t\t\t\t\t<img decoding=\"async\" src=\"\/\/www.perard.fr\/wp-content\/plugins\/revslider\/sr6\/assets\/assets\/dummy.png\" alt=\"\" title=\"Trans-express 500T\" width=\"1024\" height=\"853\" class=\"rev-slidebg tp-rs-img rs-lazyload\" data-lazyload=\"\/\/www.perard.fr\/wp-content\/uploads\/2020\/05\/20170529_140307808_iOS.jpg\" data-no-retina>\n<!---->\t\t\t\t\t<\/rs-slide>\n\t\t\t\t\t\t<rs-slide style=\"position: absolute;\" data-key=\"rs-15\" data-title=\"Trans-eXpress Perard\" data-thumb=\"\/\/www.perard.fr\/wp-content\/uploads\/2020\/05\/20170529_140434686_iOS-50x100.jpg\" data-anim=\"ms:1000;r:0;\" data-in=\"o:0;\" data-out=\"a:false;\">\n\t\t\t\t\t\t\t<img decoding=\"async\" src=\"\/\/www.perard.fr\/wp-content\/plugins\/revslider\/sr6\/assets\/assets\/dummy.png\" alt=\"\" title=\"Trans-express 500T\" width=\"1024\" height=\"853\" class=\"rev-slidebg tp-rs-img rs-lazyload\" data-lazyload=\"\/\/www.perard.fr\/wp-content\/uploads\/2020\/05\/20170529_140434686_iOS.jpg\" data-no-retina>\n<!---->\t\t\t\t\t<\/rs-slide>\n\t\t\t\t\t\t<rs-slide style=\"position: absolute;\" data-key=\"rs-16\" data-title=\"Trans-eXpress\" data-thumb=\"\/\/www.perard.fr\/wp-content\/uploads\/2020\/05\/20180613_091514-50x100.jpg\" data-anim=\"ms:1000;r:0;\" data-in=\"o:0;\" data-out=\"a:false;\">\n\t\t\t\t\t\t\t<img decoding=\"async\" src=\"\/\/www.perard.fr\/wp-content\/plugins\/revslider\/sr6\/assets\/assets\/dummy.png\" alt=\"\" title=\"Trans-express 500RM\" width=\"1024\" height=\"853\" class=\"rev-slidebg tp-rs-img rs-lazyload\" data-lazyload=\"\/\/www.perard.fr\/wp-content\/uploads\/2020\/05\/20180613_091514.jpg\" data-no-retina>\n<!---->\t\t\t\t\t<\/rs-slide>\n\t\t\t\t\t\t<rs-slide style=\"position: absolute;\" data-key=\"rs-17\" data-title=\"Trans-eXpress Perard\" data-thumb=\"\/\/www.perard.fr\/wp-content\/uploads\/2020\/05\/IMG_0711-50x100.jpg\" data-anim=\"ms:1000;r:0;\" data-in=\"o:0;\" data-out=\"a:false;\">\n\t\t\t\t\t\t\t<img decoding=\"async\" src=\"\/\/www.perard.fr\/wp-content\/plugins\/revslider\/sr6\/assets\/assets\/dummy.png\" alt=\"\" title=\"Trans-express 500T\" width=\"1137\" height=\"853\" class=\"rev-slidebg tp-rs-img rs-lazyload\" data-lazyload=\"\/\/www.perard.fr\/wp-content\/uploads\/2020\/05\/IMG_0711.jpg\" data-no-retina>\n<!---->\t\t\t\t\t<\/rs-slide>\n\t\t\t\t\t\t<rs-slide style=\"position: absolute;\" data-key=\"rs-18\" data-title=\"Trans-eXpress Perard\" data-thumb=\"\/\/www.perard.fr\/wp-content\/uploads\/2020\/05\/IMG_0713-50x100.jpg\" data-anim=\"ms:1000;r:0;\" data-in=\"o:0;\" data-out=\"a:false;\">\n\t\t\t\t\t\t\t<img decoding=\"async\" src=\"\/\/www.perard.fr\/wp-content\/plugins\/revslider\/sr6\/assets\/assets\/dummy.png\" alt=\"\" title=\"Trans-express 500R\" width=\"1024\" height=\"853\" class=\"rev-slidebg tp-rs-img rs-lazyload\" data-lazyload=\"\/\/www.perard.fr\/wp-content\/uploads\/2020\/05\/IMG_0713.jpg\" data-no-retina>\n<!---->\t\t\t\t\t<\/rs-slide>\n\t\t\t\t\t\t<rs-slide style=\"position: absolute;\" data-key=\"rs-19\" data-title=\"Trans-eXpress Perard\" data-thumb=\"\/\/www.perard.fr\/wp-content\/uploads\/2020\/05\/IMG_4973-50x100.jpeg\" data-anim=\"ms:1000;r:0;\" data-in=\"o:0;\" data-out=\"a:false;\">\n\t\t\t\t\t\t\t<img decoding=\"async\" src=\"\/\/www.perard.fr\/wp-content\/plugins\/revslider\/sr6\/assets\/assets\/dummy.png\" alt=\"\" title=\"Trans-express 500T\" width=\"1024\" height=\"853\" class=\"rev-slidebg tp-rs-img rs-lazyload\" data-lazyload=\"\/\/www.perard.fr\/wp-content\/uploads\/2020\/05\/IMG_4973.jpeg\" data-no-retina>\n<!---->\t\t\t\t\t<\/rs-slide>\n\t\t\t\t\t\t<rs-slide style=\"position: absolute;\" data-key=\"rs-20\" data-title=\"Trans-eXpress Perard\" data-thumb=\"\/\/www.perard.fr\/wp-content\/uploads\/2020\/05\/P1050276-50x100.jpg\" data-anim=\"ms:1000;r:0;\" data-in=\"o:0;\" data-out=\"a:false;\">\n\t\t\t\t\t\t\t<img decoding=\"async\" src=\"\/\/www.perard.fr\/wp-content\/plugins\/revslider\/sr6\/assets\/assets\/dummy.png\" alt=\"\" title=\"Trans-eXpress Perard\" width=\"1024\" height=\"853\" class=\"rev-slidebg tp-rs-img rs-lazyload\" data-lazyload=\"\/\/www.perard.fr\/wp-content\/uploads\/2020\/05\/P1050276.jpg\" data-no-retina>\n<!---->\t\t\t\t\t<\/rs-slide>\n\t\t\t\t\t\t<rs-slide style=\"position: absolute;\" data-key=\"rs-21\" data-title=\"Trans-eXpress Perard\" data-thumb=\"\/\/www.perard.fr\/wp-content\/uploads\/2020\/05\/P1050292-50x100.jpg\" data-anim=\"ms:1000;r:0;\" data-in=\"o:0;\" data-out=\"a:false;\">\n\t\t\t\t\t\t\t<img decoding=\"async\" src=\"\/\/www.perard.fr\/wp-content\/plugins\/revslider\/sr6\/assets\/assets\/dummy.png\" alt=\"\" title=\"Trans-eXpress Perard\" width=\"1024\" height=\"853\" class=\"rev-slidebg tp-rs-img rs-lazyload\" data-lazyload=\"\/\/www.perard.fr\/wp-content\/uploads\/2020\/05\/P1050292.jpg\" data-no-retina>\n<!---->\t\t\t\t\t<\/rs-slide>\n\t\t\t\t\t<\/rs-slides>\n\t\t\t\t<\/rs-module>\n\t\t\t\t<script>\n\t\t\t\t\tsetREVStartSize({c: 'rev_slider_7_2',rl:[1240,1024,778,480],el:[900],gw:[1240],gh:[900],type:'standard',justify:'',layout:'fullwidth',mh:\"0\"});if (window.RS_MODULES!==undefined && window.RS_MODULES.modules!==undefined && window.RS_MODULES.modules[\"revslider72\"]!==undefined) {window.RS_MODULES.modules[\"revslider72\"].once = false;window.revapi7 = undefined;if (window.RS_MODULES.checkMinimal!==undefined) window.RS_MODULES.checkMinimal()}\n\t\t\t\t<\/script>\n\t\t\t<\/rs-module-wrap>\n\t\t\t<!-- END REVOLUTION SLIDER -->\n[\/vc_column][\/vc_row][vc_row][vc_column width=\u00a0\u00bb1\/2&Prime;][vc_single_image image=\u00a0\u00bb11063&Prime; img_size=\u00a0\u00bbfull\u00a0\u00bb][\/vc_column][vc_column width=\u00a0\u00bb1\/2&Prime;][vc_empty_space height=\u00a0\u00bb120px\u00a0\u00bb][vc_column_text]Deux versions sont disponibles, la version R qui s\u2019att\u00e8le derri\u00e8re une camionnette ou un 4\u00d74 pour un d\u00e9placement routier rapide ou la version T derri\u00e8re tracteur.[\/vc_column_text][vc_empty_space height=\u00a0\u00bb52px\u00a0\u00bb]<div class=\"aio-icon-component    style_1\"><div id=\"Info-box-wrap-3208\" class=\"aio-icon-box default-icon\" style=\"\"  ><div class=\"aio-icon-default\"><div class=\"ult-just-icon-wrapper  \"><div class=\"align-icon\" style=\"text-align:center;\">\n<div class=\"aio-icon none \"  style=\"color:#333;font-size:32px;display:inline-block;\">\n\t<i class=\"linearicons-lamp\"><\/i>\n<\/div><\/div><\/div><\/div><div class=\"aio-icon-header\" ><h3 class=\"aio-icon-title ult-responsive\"  data-ultimate-target='#Info-box-wrap-3208 .aio-icon-title'  data-responsive-json-new='{\"font-size\":\"\",\"line-height\":\"\"}'  style=\"\">Optimisation<\/h3><\/div> <!-- header --><div class=\"aio-icon-description ult-responsive\"  data-ultimate-target='#Info-box-wrap-3208 .aio-icon-description'  data-responsive-json-new='{\"font-size\":\"\",\"line-height\":\"\"}'  style=\"\">Transborder tout en utilisant ses bennes<\/div> <!-- description --><\/div> <!-- aio-icon-box --><\/div> <!-- aio-icon-component -->[\/vc_column][\/vc_row][vc_row][vc_column width=\u00a0\u00bb1\/2&Prime;][vc_empty_space][vc_raw_html]JTVCdGFibGUlMjBpZCUzRDE0JTIwJTJGJTVE[\/vc_raw_html][\/vc_column][vc_column width=\u00a0\u00bb1\/2&Prime;][vc_empty_space]<div id=\"ultimate-video-978669f46bdf92a4b\" class=\"ult-video  ult-adjust-bottom-margin ultimate-video-978669f46bdf92a4b ultv-1598 \"><div class=\"ultv-video ultv-aspect-ratio-16_9 ultv-subscribe-responsive-none\" data-videotype=\"vimeo_video\">\n\t\t\t\t\t\t<div class=\"ultv-video__outer-wrap\" data-autoplay=\"0\" data-device=\"false\"  data-iconbg=\"#3A3A3A\" data-overcolor=\"\" data-defaultbg=\"#1f1f1e\" data-defaultplay=\"defaulticon\"><div class=\"ultv-video__play\" data-src=\"https:\/\/player.vimeo.com\/video\/281939666?loop=0&#038;title=0&#038;portrait=0&#038;byline=0&#038;color&#038;autopause=0&#038;autoplay=1\">\n\t\t\t\t\t\t\t\t<img decoding=\"async\" class=\"ultv-video__thumb\" src=\"https:\/\/i.vimeocdn.com\/video\/715820122-0b1edfad122435fbebf28b4d191e50ab76489b0bd633a173f094d681d624ca76-d_840?region=us\"\/>\n\t\t\t\t\t\t\t\t<div class=\"ultv-video__play-icon  ultv-animation-none\" style=\"width:75px\"><svg version=\"1.1\" height=\"100%\" width=\"100%\"  viewBox=\"0 14.375 95 66.25\"><path class=\"ultv-vimeo-icon-bg\" d=\"M12.5,14.375c-6.903,0-12.5,5.597-12.5,12.5v41.25c0,6.902,5.597,12.5,12.5,12.5h70c6.903,0,12.5-5.598,12.5-12.5v-41.25c0-6.903-5.597-12.5-12.5-12.5H12.5z\"\/><polygon fill=\"#FFFFFF\" points=\"39.992,64.299 39.992,30.701 62.075,47.5 \"\/><\/svg><\/div> <\/div> <\/div><\/div><\/div>[\/vc_column][\/vc_row][\/vc_section]<\/p>\n<\/div>","protected":false},"excerpt":{"rendered":"<p>[vc_row][vc_column][\/vc_column][\/vc_row][vc_section][vc_row][vc_column width=\u00a0\u00bb1\/2&Prime;][vc_empty_space height=\u00a0\u00bb80px\u00a0\u00bb][vc_column_text]La Trans-eXpress est une fosse mobile qui permet de charger un camion avec une simple benne. 80 cv suffisent \u00e0 entrainer la vis en utilisant les trappes sur la benne. En mode porte automatique compter 130 cv. Le d\u00e9bit de 9 m\u00b3 par minute (d\u00e9bit moyen) de la vis, permet d\u2019avaler le flux [&hellip;]<\/p>\n","protected":false},"author":1,"featured_media":0,"parent":11054,"menu_order":0,"comment_status":"closed","ping_status":"closed","template":"page.php","meta":{"footnotes":""},"class_list":["post-11057","page","type-page","status-publish","hentry"],"_links":{"self":[{"href":"https:\/\/www.perard.fr\/index.php?rest_route=\/wp\/v2\/pages\/11057","targetHints":{"allow":["GET"]}}],"collection":[{"href":"https:\/\/www.perard.fr\/index.php?rest_route=\/wp\/v2\/pages"}],"about":[{"href":"https:\/\/www.perard.fr\/index.php?rest_route=\/wp\/v2\/types\/page"}],"author":[{"embeddable":true,"href":"https:\/\/www.perard.fr\/index.php?rest_route=\/wp\/v2\/users\/1"}],"replies":[{"embeddable":true,"href":"https:\/\/www.perard.fr\/index.php?rest_route=%2Fwp%2Fv2%2Fcomments&post=11057"}],"version-history":[{"count":1,"href":"https:\/\/www.perard.fr\/index.php?rest_route=\/wp\/v2\/pages\/11057\/revisions"}],"predecessor-version":[{"id":12041,"href":"https:\/\/www.perard.fr\/index.php?rest_route=\/wp\/v2\/pages\/11057\/revisions\/12041"}],"up":[{"embeddable":true,"href":"https:\/\/www.perard.fr\/index.php?rest_route=\/wp\/v2\/pages\/11054"}],"wp:attachment":[{"href":"https:\/\/www.perard.fr\/index.php?rest_route=%2Fwp%2Fv2%2Fmedia&parent=11057"}],"curies":[{"name":"wp","href":"https:\/\/api.w.org\/{rel}","templated":true}]}}