{"id":11020,"date":"2020-05-07T18:02:21","date_gmt":"2020-05-07T16:02:21","guid":{"rendered":"http:\/\/www.perard.fr\/new\/?page_id=11020"},"modified":"2023-05-16T14:31:57","modified_gmt":"2023-05-16T12:31:57","slug":"optium-serie-cvk-herissons-o-750","status":"publish","type":"page","link":"https:\/\/www.perard.fr\/?page_id=11020","title":{"rendered":"Optium s\u00e9rie CVK &#8211; H\u00e9rissons \u00d8 750"},"content":{"rendered":"<div class=\"wpb-content-wrapper\"><p>[vc_row][vc_column]\n\t\t\t<!-- START Porteur REVOLUTION SLIDER 6.7.35 --><p class=\"rs-p-wp-fix\"><\/p>\n\t\t\t<rs-module-wrap id=\"rev_slider_42_1_wrapper\" data-source=\"gallery\" style=\"visibility:hidden;background:transparent;padding:0;margin:0px auto;margin-top:0;margin-bottom:0;\">\n\t\t\t\t<rs-module id=\"rev_slider_42_1\" style=\"\" data-version=\"6.7.35\">\n\t\t\t\t\t<rs-slides style=\"overflow: hidden; position: absolute;\">\n\t\t\t\t\t\t<rs-slide style=\"position: absolute;\" data-key=\"rs-99\" data-title=\"Optium CVK\" data-anim=\"ms:1000;r:0;\" data-in=\"o:0;\" data-out=\"a:false;\">\n\t\t\t\t\t\t\t<img decoding=\"async\" src=\"\/\/www.perard.fr\/wp-content\/plugins\/revslider\/sr6\/assets\/assets\/dummy.png\" alt=\"\" title=\"Epandeur Perard\" width=\"2048\" height=\"1365\" class=\"rev-slidebg tp-rs-img rs-lazyload\" data-lazyload=\"\/\/www.perard.fr\/wp-content\/uploads\/2020\/05\/DJI_0856.jpg\" data-bg=\"p:0% 80%;\" data-no-retina>\n<!---->\t\t\t\t\t<\/rs-slide>\n\t\t\t\t\t<\/rs-slides>\n\t\t\t\t<\/rs-module>\n\t\t\t\t<script>\n\t\t\t\t\tsetREVStartSize({c: 'rev_slider_42_1',rl:[1240,1024,778,480],el:[900],gw:[1240],gh:[900],type:'hero',justify:'',layout:'fullwidth',mh:\"0\"});if (window.RS_MODULES!==undefined && window.RS_MODULES.modules!==undefined && window.RS_MODULES.modules[\"revslider421\"]!==undefined) {window.RS_MODULES.modules[\"revslider421\"].once = false;window.revapi42 = undefined;if (window.RS_MODULES.checkMinimal!==undefined) window.RS_MODULES.checkMinimal()}\n\t\t\t\t<\/script>\n\t\t\t<\/rs-module-wrap>\n\t\t\t<!-- END REVOLUTION SLIDER -->\n[\/vc_column][\/vc_row][vc_section][vc_row][vc_column width=\u00a0\u00bb1\/2&Prime;][vc_empty_space height=\u00a0\u00bb80px\u00a0\u00bb][vc_column_text]Les \u00e9pandeurs \u00e0 fumier Optium s\u00e9rie CVK sont des caisses con\u00e7ues pour \u00eatre mont\u00e9es sur des porteurs. Ils sont \u00e9quip\u00e9s de <strong>h\u00e9rissons double spires<\/strong> de 750 mm de diam\u00e8tre. Ce syst\u00e8me unique et brevet\u00e9 permet d\u2019atteindre une tr\u00e8s grande largeur de travail et une finesse exceptionnelle. Les h\u00e9rissons permettent ainsi d\u2019\u00e9pandre tous types de fumier : bovin, fientes, compost, \u00e9cumes\u2026 En fonction du type de porteur, l&rsquo;entrainement peut-\u00eatre m\u00e9canique ou hydraulique.[\/vc_column_text][\/vc_column][vc_column width=\u00a0\u00bb1\/2&Prime;][vc_empty_space height=\u00a0\u00bb15px\u00a0\u00bb]\n\t\t\t<!-- START Porteur_2 REVOLUTION SLIDER 6.7.35 --><p class=\"rs-p-wp-fix\"><\/p>\n\t\t\t<rs-module-wrap id=\"rev_slider_43_2_wrapper\" data-source=\"gallery\" style=\"visibility:hidden;background:transparent;padding:0;margin:0px auto;margin-top:0;margin-bottom:0;\">\n\t\t\t\t<rs-module id=\"rev_slider_43_2\" style=\"\" data-version=\"6.7.35\">\n\t\t\t\t\t<rs-slides style=\"overflow: hidden; position: absolute;\">\n\t\t\t\t\t\t<rs-slide style=\"position: absolute;\" data-key=\"rs-100\" data-title=\"Optium SL\" data-thumb=\"\/\/www.perard.fr\/wp-content\/uploads\/2020\/05\/P1233341-50x100.jpg\" data-anim=\"ms:1000;r:0;\" data-in=\"o:0;\" data-out=\"a:false;\">\n\t\t\t\t\t\t\t<img decoding=\"async\" src=\"\/\/www.perard.fr\/wp-content\/plugins\/revslider\/sr6\/assets\/assets\/dummy.png\" alt=\"\" title=\"Epandeur Perard\" width=\"1280\" height=\"853\" class=\"rev-slidebg tp-rs-img rs-lazyload\" data-lazyload=\"\/\/www.perard.fr\/wp-content\/uploads\/2020\/05\/P1233341.jpg\" data-no-retina>\n<!---->\t\t\t\t\t<\/rs-slide>\n\t\t\t\t\t\t<rs-slide style=\"position: absolute;\" data-key=\"rs-101\" data-title=\"Optium SL\" data-thumb=\"\/\/www.perard.fr\/wp-content\/uploads\/2020\/05\/DSC_0015-50x100.jpg\" data-anim=\"ms:1000;r:0;\" data-in=\"o:0;\" data-out=\"a:false;\">\n\t\t\t\t\t\t\t<img decoding=\"async\" src=\"\/\/www.perard.fr\/wp-content\/plugins\/revslider\/sr6\/assets\/assets\/dummy.png\" alt=\"\" title=\"Epandeur Perard\" width=\"1280\" height=\"853\" class=\"rev-slidebg tp-rs-img rs-lazyload\" data-lazyload=\"\/\/www.perard.fr\/wp-content\/uploads\/2020\/05\/DSC_0015.jpg\" data-no-retina>\n<!---->\t\t\t\t\t<\/rs-slide>\n\t\t\t\t\t\t<rs-slide style=\"position: absolute;\" data-key=\"rs-102\" data-title=\"Optium SL\" data-thumb=\"\/\/www.perard.fr\/wp-content\/uploads\/2020\/05\/IMG_2347-50x100.jpg\" data-anim=\"ms:1000;r:0;\" data-in=\"o:0;\" data-out=\"a:false;\">\n\t\t\t\t\t\t\t<img decoding=\"async\" src=\"\/\/www.perard.fr\/wp-content\/plugins\/revslider\/sr6\/assets\/assets\/dummy.png\" alt=\"\" title=\"Epandeur Perard\" width=\"1280\" height=\"853\" class=\"rev-slidebg tp-rs-img rs-lazyload\" data-lazyload=\"\/\/www.perard.fr\/wp-content\/uploads\/2020\/05\/IMG_2347.jpg\" data-no-retina>\n<!---->\t\t\t\t\t<\/rs-slide>\n\t\t\t\t\t<\/rs-slides>\n\t\t\t\t<\/rs-module>\n\t\t\t\t<script>\n\t\t\t\t\tsetREVStartSize({c: 'rev_slider_43_2',rl:[1240,1024,778,480],el:[900],gw:[1240],gh:[900],type:'standard',justify:'',layout:'fullwidth',mh:\"0\"});if (window.RS_MODULES!==undefined && window.RS_MODULES.modules!==undefined && window.RS_MODULES.modules[\"revslider432\"]!==undefined) {window.RS_MODULES.modules[\"revslider432\"].once = false;window.revapi43 = undefined;if (window.RS_MODULES.checkMinimal!==undefined) window.RS_MODULES.checkMinimal()}\n\t\t\t\t<\/script>\n\t\t\t<\/rs-module-wrap>\n\t\t\t<!-- END REVOLUTION SLIDER -->\n[\/vc_column][\/vc_row][vc_row][vc_column width=\u00a0\u00bb1\/2&Prime;][vc_single_image image=\u00a0\u00bb11017&Prime; img_size=\u00a0\u00bbfull\u00a0\u00bb][\/vc_column][vc_column width=\u00a0\u00bb1\/2&Prime;][vc_empty_space]<div id=\"ultimate-video-162569fc8426b53bf\" class=\"ult-video  ult-adjust-bottom-margin ultimate-video-162569fc8426b53bf ultv-9002 \"><div class=\"ultv-video ultv-aspect-ratio-16_9 ultv-subscribe-responsive-none\" data-videotype=\"vimeo_video\">\n\t\t\t\t\t\t<div class=\"ultv-video__outer-wrap\" data-autoplay=\"0\" data-device=\"false\"  data-iconbg=\"#3A3A3A\" data-overcolor=\"\" data-defaultbg=\"#1f1f1e\" data-defaultplay=\"defaulticon\"><div class=\"ultv-video__play\" data-src=\"https:\/\/player.vimeo.com\/video\/314256101?loop=0&#038;title=0&#038;portrait=0&#038;byline=0&#038;color&#038;autopause=0&#038;autoplay=1\">\n\t\t\t\t\t\t\t\t<img decoding=\"async\" class=\"ultv-video__thumb\" src=\"https:\/\/i.vimeocdn.com\/video\/755769959-d1651c150461b938b7eb6afcb0003132d93d1f2b99c5bf653a95b9e78741c448-d_840?region=us\"\/>\n\t\t\t\t\t\t\t\t<div class=\"ultv-video__play-icon  ultv-animation-none\" style=\"width:75px\"><svg version=\"1.1\" height=\"100%\" width=\"100%\"  viewBox=\"0 14.375 95 66.25\"><path class=\"ultv-vimeo-icon-bg\" d=\"M12.5,14.375c-6.903,0-12.5,5.597-12.5,12.5v41.25c0,6.902,5.597,12.5,12.5,12.5h70c6.903,0,12.5-5.598,12.5-12.5v-41.25c0-6.903-5.597-12.5-12.5-12.5H12.5z\"\/><polygon fill=\"#FFFFFF\" points=\"39.992,64.299 39.992,30.701 62.075,47.5 \"\/><\/svg><\/div> <\/div> <\/div><\/div><\/div>[\/vc_column][\/vc_row][\/vc_section]<\/p>\n<\/div>","protected":false},"excerpt":{"rendered":"<p>[vc_row][vc_column][\/vc_column][\/vc_row][vc_section][vc_row][vc_column width=\u00a0\u00bb1\/2&Prime;][vc_empty_space height=\u00a0\u00bb80px\u00a0\u00bb][vc_column_text]Les \u00e9pandeurs \u00e0 fumier Optium s\u00e9rie CVK sont des caisses con\u00e7ues pour \u00eatre mont\u00e9es sur des porteurs. Ils sont \u00e9quip\u00e9s de h\u00e9rissons double spires de 750 mm de diam\u00e8tre. Ce syst\u00e8me unique et brevet\u00e9 permet d\u2019atteindre une tr\u00e8s grande largeur de travail et une finesse exceptionnelle. Les h\u00e9rissons permettent ainsi d\u2019\u00e9pandre tous types [&hellip;]<\/p>\n","protected":false},"author":1,"featured_media":0,"parent":10966,"menu_order":0,"comment_status":"closed","ping_status":"closed","template":"page.php","meta":{"footnotes":""},"class_list":["post-11020","page","type-page","status-publish","hentry"],"_links":{"self":[{"href":"https:\/\/www.perard.fr\/index.php?rest_route=\/wp\/v2\/pages\/11020","targetHints":{"allow":["GET"]}}],"collection":[{"href":"https:\/\/www.perard.fr\/index.php?rest_route=\/wp\/v2\/pages"}],"about":[{"href":"https:\/\/www.perard.fr\/index.php?rest_route=\/wp\/v2\/types\/page"}],"author":[{"embeddable":true,"href":"https:\/\/www.perard.fr\/index.php?rest_route=\/wp\/v2\/users\/1"}],"replies":[{"embeddable":true,"href":"https:\/\/www.perard.fr\/index.php?rest_route=%2Fwp%2Fv2%2Fcomments&post=11020"}],"version-history":[{"count":1,"href":"https:\/\/www.perard.fr\/index.php?rest_route=\/wp\/v2\/pages\/11020\/revisions"}],"predecessor-version":[{"id":12013,"href":"https:\/\/www.perard.fr\/index.php?rest_route=\/wp\/v2\/pages\/11020\/revisions\/12013"}],"up":[{"embeddable":true,"href":"https:\/\/www.perard.fr\/index.php?rest_route=\/wp\/v2\/pages\/10966"}],"wp:attachment":[{"href":"https:\/\/www.perard.fr\/index.php?rest_route=%2Fwp%2Fv2%2Fmedia&parent=11020"}],"curies":[{"name":"wp","href":"https:\/\/api.w.org\/{rel}","templated":true}]}}