{"id":10998,"date":"2020-05-06T16:35:46","date_gmt":"2020-05-06T14:35:46","guid":{"rendered":"http:\/\/www.perard.fr\/new\/?page_id=10998"},"modified":"2023-05-16T14:43:29","modified_gmt":"2023-05-16T12:43:29","slug":"optium-serie-slc-herissons-o-1050","status":"publish","type":"page","link":"https:\/\/www.perard.fr\/?page_id=10998","title":{"rendered":"Optium s\u00e9rie SL &#8211; H\u00e9rissons \u00d8 1050"},"content":{"rendered":"<div class=\"wpb-content-wrapper\"><p>[vc_row][vc_column]\n\t\t\t<!-- START SerieSL REVOLUTION SLIDER 6.7.35 --><p class=\"rs-p-wp-fix\"><\/p>\n\t\t\t<rs-module-wrap id=\"rev_slider_40_1_wrapper\" data-source=\"gallery\" style=\"visibility:hidden;background:transparent;padding:0;margin:0px auto;margin-top:0;margin-bottom:0;\">\n\t\t\t\t<rs-module id=\"rev_slider_40_1\" style=\"\" data-version=\"6.7.35\">\n\t\t\t\t\t<rs-slides style=\"overflow: hidden; position: absolute;\">\n\t\t\t\t\t\t<rs-slide style=\"position: absolute;\" data-key=\"rs-95\" data-title=\"Optium SL\" data-anim=\"ms:1000;r:0;\" data-in=\"o:0;\" data-out=\"a:false;\">\n\t\t\t\t\t\t\t<img decoding=\"async\" src=\"\/\/www.perard.fr\/wp-content\/plugins\/revslider\/sr6\/assets\/assets\/dummy.png\" alt=\"\" title=\"Epandeur Perard SL 300\" width=\"2048\" height=\"1365\" class=\"rev-slidebg tp-rs-img rs-lazyload\" data-lazyload=\"\/\/www.perard.fr\/wp-content\/uploads\/2020\/05\/IMG_20190717_141055.jpg\" data-bg=\"p:0% 80%;\" data-no-retina>\n<!---->\t\t\t\t\t<\/rs-slide>\n\t\t\t\t\t<\/rs-slides>\n\t\t\t\t<\/rs-module>\n\t\t\t\t<script>\n\t\t\t\t\tsetREVStartSize({c: 'rev_slider_40_1',rl:[1240,1024,778,480],el:[900],gw:[1240],gh:[900],type:'hero',justify:'',layout:'fullwidth',mh:\"0\"});if (window.RS_MODULES!==undefined && window.RS_MODULES.modules!==undefined && window.RS_MODULES.modules[\"revslider401\"]!==undefined) {window.RS_MODULES.modules[\"revslider401\"].once = false;window.revapi40 = undefined;if (window.RS_MODULES.checkMinimal!==undefined) window.RS_MODULES.checkMinimal()}\n\t\t\t\t<\/script>\n\t\t\t<\/rs-module-wrap>\n\t\t\t<!-- END REVOLUTION SLIDER -->\n[\/vc_column][\/vc_row][vc_section][vc_row][vc_column width=\u00a0\u00bb1\/2&Prime;][vc_empty_space height=\u00a0\u00bb80px\u00a0\u00bb][vc_column_text]Les \u00e9pandeurs \u00e0 fumier\u00a0Optium s\u00e9rie\u00a0SL sont \u00e9quip\u00e9s de <strong>h\u00e9rissons double spires<\/strong> de 1 050 mm de diam\u00e8tre.\u00a0Ce syst\u00e8me unique et brevet\u00e9 permet d\u2019atteindre une tr\u00e8s grande\u00a0largeur de travail et une finesse exceptionnelle. Les h\u00e9rissons permettent ainsi d\u2019\u00e9pandre tous types de fumier : bovin, fientes, compost, \u00e9cumes\u2026\u00a0Ils sont destin\u00e9s \u00e0 tous les utilisateurs qui recherchent un travail de qualit\u00e9 sur une grande largeur (14 \u00e0 18 m).<\/p>\n<p>La s\u00e9rie SLC peut recevoir en option une hotte arri\u00e8re amovible qui recouvre les h\u00e9rissons. Cette derni\u00e8re permet d\u2019\u00e9pandre des produits tr\u00e8s volatiles \u00e0 faible dose comme une table d\u2019\u00e9pandage.[\/vc_column_text][\/vc_column][vc_column width=\u00a0\u00bb1\/2&Prime;][vc_empty_space height=\u00a0\u00bb15px\u00a0\u00bb]\n\t\t\t<!-- START SerieSL_2 REVOLUTION SLIDER 6.7.35 --><p class=\"rs-p-wp-fix\"><\/p>\n\t\t\t<rs-module-wrap id=\"rev_slider_41_2_wrapper\" data-source=\"gallery\" style=\"visibility:hidden;background:transparent;padding:0;margin:0px auto;margin-top:0;margin-bottom:0;\">\n\t\t\t\t<rs-module id=\"rev_slider_41_2\" style=\"\" data-version=\"6.7.35\">\n\t\t\t\t\t<rs-slides style=\"overflow: hidden; position: absolute;\">\n\t\t\t\t\t\t<rs-slide style=\"position: absolute;\" data-key=\"rs-96\" data-title=\"Optium SL\" data-thumb=\"\/\/www.perard.fr\/wp-content\/uploads\/2020\/05\/IMG_0292-50x100.jpg\" data-anim=\"ms:1000;r:0;\" data-in=\"o:0;\" data-out=\"a:false;\">\n\t\t\t\t\t\t\t<img decoding=\"async\" src=\"\/\/www.perard.fr\/wp-content\/plugins\/revslider\/sr6\/assets\/assets\/dummy.png\" alt=\"\" title=\"Epandeur Perard SL\" width=\"1280\" height=\"853\" class=\"rev-slidebg tp-rs-img rs-lazyload\" data-lazyload=\"\/\/www.perard.fr\/wp-content\/uploads\/2020\/05\/IMG_0292.jpg\" data-no-retina>\n<!---->\t\t\t\t\t<\/rs-slide>\n\t\t\t\t\t\t<rs-slide style=\"position: absolute;\" data-key=\"rs-97\" data-title=\"Optium SL\" data-thumb=\"\/\/www.perard.fr\/wp-content\/uploads\/2020\/05\/IMG_2069-50x100.jpg\" data-anim=\"ms:1000;r:0;\" data-in=\"o:0;\" data-out=\"a:false;\">\n\t\t\t\t\t\t\t<img decoding=\"async\" src=\"\/\/www.perard.fr\/wp-content\/plugins\/revslider\/sr6\/assets\/assets\/dummy.png\" alt=\"\" title=\"Epandeur Perard SL\" width=\"1280\" height=\"853\" class=\"rev-slidebg tp-rs-img rs-lazyload\" data-lazyload=\"\/\/www.perard.fr\/wp-content\/uploads\/2020\/05\/IMG_2069.jpg\" data-no-retina>\n<!---->\t\t\t\t\t<\/rs-slide>\n\t\t\t\t\t\t<rs-slide style=\"position: absolute;\" data-key=\"rs-98\" data-title=\"Optium SL\" data-thumb=\"\/\/www.perard.fr\/wp-content\/uploads\/2020\/05\/DJI_0657-50x100.jpg\" data-anim=\"ms:1000;r:0;\" data-in=\"o:0;\" data-out=\"a:false;\">\n\t\t\t\t\t\t\t<img decoding=\"async\" src=\"\/\/www.perard.fr\/wp-content\/plugins\/revslider\/sr6\/assets\/assets\/dummy.png\" alt=\"\" title=\"Epandeur Perard SL\" width=\"1280\" height=\"853\" class=\"rev-slidebg tp-rs-img rs-lazyload\" data-lazyload=\"\/\/www.perard.fr\/wp-content\/uploads\/2020\/05\/DJI_0657.jpg\" data-no-retina>\n<!---->\t\t\t\t\t<\/rs-slide>\n\t\t\t\t\t<\/rs-slides>\n\t\t\t\t<\/rs-module>\n\t\t\t\t<script>\n\t\t\t\t\tsetREVStartSize({c: 'rev_slider_41_2',rl:[1240,1024,778,480],el:[900],gw:[1240],gh:[900],type:'standard',justify:'',layout:'fullwidth',mh:\"0\"});if (window.RS_MODULES!==undefined && window.RS_MODULES.modules!==undefined && window.RS_MODULES.modules[\"revslider412\"]!==undefined) {window.RS_MODULES.modules[\"revslider412\"].once = false;window.revapi41 = undefined;if (window.RS_MODULES.checkMinimal!==undefined) window.RS_MODULES.checkMinimal()}\n\t\t\t\t<\/script>\n\t\t\t<\/rs-module-wrap>\n\t\t\t<!-- END REVOLUTION SLIDER -->\n[\/vc_column][\/vc_row][vc_row][vc_column width=\u00a0\u00bb1\/2&Prime;][vc_single_image image=\u00a0\u00bb11006&Prime; img_size=\u00a0\u00bbfull\u00a0\u00bb][\/vc_column][vc_column width=\u00a0\u00bb1\/2&Prime;][vc_empty_space height=\u00a0\u00bb120px\u00a0\u00bb][vc_column_text]Les \u00e9pandeurs Optium Perard offrent des gros volumes de caisse id\u00e9aux pour un gros d\u00e9bit de chantier.[\/vc_column_text][\/vc_column][\/vc_row][vc_row][vc_column width=\u00a0\u00bb1\/2&Prime;][vc_empty_space][vc_raw_html]JTVCdGFibGUlMjBpZCUzRDklMjAlMkYlNUQ=[\/vc_raw_html][\/vc_column][vc_column width=\u00a0\u00bb1\/2&Prime;][vc_empty_space]<div id=\"ultimate-video-530569fc85b50435b\" class=\"ult-video  ult-adjust-bottom-margin ultimate-video-530569fc85b50435b ultv-8473 \"><div class=\"ultv-video ultv-aspect-ratio-16_9 ultv-subscribe-responsive-none\" data-videotype=\"vimeo_video\">\n\t\t\t\t\t\t<div class=\"ultv-video__outer-wrap\" data-autoplay=\"0\" data-device=\"false\"  data-iconbg=\"#3A3A3A\" data-overcolor=\"\" data-defaultbg=\"#1f1f1e\" data-defaultplay=\"defaulticon\"><div class=\"ultv-video__play\" data-src=\"https:\/\/player.vimeo.com\/video\/78144428?loop=0&#038;title=0&#038;portrait=0&#038;byline=0&#038;color&#038;autopause=0&#038;autoplay=1\">\n\t\t\t\t\t\t\t\t<img decoding=\"async\" class=\"ultv-video__thumb\" src=\"\"\/>\n\t\t\t\t\t\t\t\t<div class=\"ultv-video__play-icon  ultv-animation-none\" style=\"width:75px\"><svg version=\"1.1\" height=\"100%\" width=\"100%\"  viewBox=\"0 14.375 95 66.25\"><path class=\"ultv-vimeo-icon-bg\" d=\"M12.5,14.375c-6.903,0-12.5,5.597-12.5,12.5v41.25c0,6.902,5.597,12.5,12.5,12.5h70c6.903,0,12.5-5.598,12.5-12.5v-41.25c0-6.903-5.597-12.5-12.5-12.5H12.5z\"\/><polygon fill=\"#FFFFFF\" points=\"39.992,64.299 39.992,30.701 62.075,47.5 \"\/><\/svg><\/div> <\/div> <\/div><\/div><\/div>[\/vc_column][\/vc_row][\/vc_section]<\/p>\n<\/div>","protected":false},"excerpt":{"rendered":"<p>[vc_row][vc_column][\/vc_column][\/vc_row][vc_section][vc_row][vc_column width=\u00a0\u00bb1\/2&Prime;][vc_empty_space height=\u00a0\u00bb80px\u00a0\u00bb][vc_column_text]Les \u00e9pandeurs \u00e0 fumier\u00a0Optium s\u00e9rie\u00a0SL sont \u00e9quip\u00e9s de h\u00e9rissons double spires de 1 050 mm de diam\u00e8tre.\u00a0Ce syst\u00e8me unique et brevet\u00e9 permet d\u2019atteindre une tr\u00e8s grande\u00a0largeur de travail et une finesse exceptionnelle. Les h\u00e9rissons permettent ainsi d\u2019\u00e9pandre tous types de fumier : bovin, fientes, compost, \u00e9cumes\u2026\u00a0Ils sont destin\u00e9s \u00e0 tous les utilisateurs qui [&hellip;]<\/p>\n","protected":false},"author":1,"featured_media":0,"parent":10966,"menu_order":0,"comment_status":"closed","ping_status":"closed","template":"page.php","meta":{"footnotes":""},"class_list":["post-10998","page","type-page","status-publish","hentry"],"_links":{"self":[{"href":"https:\/\/www.perard.fr\/index.php?rest_route=\/wp\/v2\/pages\/10998","targetHints":{"allow":["GET"]}}],"collection":[{"href":"https:\/\/www.perard.fr\/index.php?rest_route=\/wp\/v2\/pages"}],"about":[{"href":"https:\/\/www.perard.fr\/index.php?rest_route=\/wp\/v2\/types\/page"}],"author":[{"embeddable":true,"href":"https:\/\/www.perard.fr\/index.php?rest_route=\/wp\/v2\/users\/1"}],"replies":[{"embeddable":true,"href":"https:\/\/www.perard.fr\/index.php?rest_route=%2Fwp%2Fv2%2Fcomments&post=10998"}],"version-history":[{"count":1,"href":"https:\/\/www.perard.fr\/index.php?rest_route=\/wp\/v2\/pages\/10998\/revisions"}],"predecessor-version":[{"id":12016,"href":"https:\/\/www.perard.fr\/index.php?rest_route=\/wp\/v2\/pages\/10998\/revisions\/12016"}],"up":[{"embeddable":true,"href":"https:\/\/www.perard.fr\/index.php?rest_route=\/wp\/v2\/pages\/10966"}],"wp:attachment":[{"href":"https:\/\/www.perard.fr\/index.php?rest_route=%2Fwp%2Fv2%2Fmedia&parent=10998"}],"curies":[{"name":"wp","href":"https:\/\/api.w.org\/{rel}","templated":true}]}}