{"id":10807,"date":"2020-04-30T18:10:32","date_gmt":"2020-04-30T16:10:32","guid":{"rendered":"http:\/\/www.perard.fr\/new\/?page_id=10807"},"modified":"2024-10-09T17:01:26","modified_gmt":"2024-10-09T15:01:26","slug":"transbordeur","status":"publish","type":"page","link":"https:\/\/www.perard.fr\/?page_id=10807","title":{"rendered":"Transbordeur"},"content":{"rendered":"<div class=\"wpb-content-wrapper\"><p>[vc_row css=\u00a0\u00bb.vc_custom_1480791263873{margin-top: 120px !important;margin-bottom: 120px !important;}\u00a0\u00bb][vc_column width=\u00a0\u00bb1\/3&Prime;][vc_empty_space height=\u00a0\u00bb10px\u00a0\u00bb][vc_custom_heading text=\u00a0\u00bbTRANSBORDEUR\u00a0\u00bb use_theme_fonts=\u00a0\u00bbyes\u00a0\u00bb][vc_empty_space height=\u00a0\u00bb20px\u00a0\u00bb][vc_column_text]Perard con\u00e7oit deux familles de transbordeurs : les X-Flow et les Interbenne.<\/p>\n<p>Les X-Flow sont des transbordeurs \u00e9quip\u00e9s d\u2019une grosse vis de vidange permettant d\u2019optimiser les chantiers de r\u00e9colte tout en limitant le tassement. Ils se d\u00e9clinent en trois gammes, simple, double ou triple essieux, et en 6 mod\u00e8les, de 15 \u00e0 71 m\u00b3.<\/p>\n<p>Les Interbenne sont des transbordeurs permettant un gros d\u00e9bit de chantier avec une polyvalence et une praticit\u00e9 sup\u00e9rieure (engrais, semences\u2026). Equip\u00e9 de tandem ou de tridem, de capacit\u00e9s de 30 \u00e0 52 m\u00b3.[\/vc_column_text]<div class=\"ult-spacer spacer-69ff27f2c9ffd\" data-id=\"69ff27f2c9ffd\" data-height=\"0\" data-height-mobile=\"40\" data-height-tab=\"\" data-height-tab-portrait=\"\" data-height-mobile-landscape=\"40\" style=\"clear:both;display:block;\"><\/div>[\/vc_column][vc_column width=\u00a0\u00bb2\/3&Prime;][vc_row_inner][vc_column_inner width=\u00a0\u00bb1\/3&Prime;]<div class=\"ult-new-ib ult-ib-effect-style13  ult-ib-resp  \" data-min-width=\"768\" data-max-width=\"900\" style=\"background:#000000;\" data-opacity=\"0.5\" data-hover-opacity=\"0.8\" ><img decoding=\"async\" class=\"ult-new-ib-img\" style=\"opacity:0.5;\" alt=\"null\" src=\"https:\/\/www.perard.fr\/wp-content\/uploads\/2020\/05\/IMG_1834.jpg\"   \/><div id=\"interactive-banner-wrap-7686\" class=\"ult-new-ib-desc\" style=\"\"><h2 class=\"ult-new-ib-title ult-responsive\"  data-ultimate-target='#interactive-banner-wrap-7686 .ult-new-ib-title'  data-responsive-json-new='{\"font-size\":\"desktop:15px;\",\"line-height\":\"\"}'  style=\"font-family:&#039;Montserrat&#039;;font-weight:700;\">X-Flow 15 et 19<\/h2><div class=\"ult-new-ib-content ult-responsive\"  data-ultimate-target='#interactive-banner-wrap-7686 .ult-new-ib-content'  data-responsive-json-new='{\"font-size\":\"\",\"line-height\":\"\"}'  style=\"font-weight:normal;color:#ffffff;\"><p>Capacit\u00e9 de 15 et 19m\u00b3 en simple essieu<\/p><\/div><\/div><a class=\"ult-new-ib-link\" href=\"http:\/\/www.perard.fr\/?page_id=10825\" title=\"X-Flow 15 et 19\"  ><\/a><\/div>[\/vc_column_inner][vc_column_inner width=\u00a0\u00bb1\/3&Prime;]<div class=\"ult-new-ib ult-ib-effect-style13  ult-ib-resp  \" data-min-width=\"768\" data-max-width=\"900\" style=\"background:#000000;\" data-opacity=\"0.5\" data-hover-opacity=\"0.8\" ><img decoding=\"async\" class=\"ult-new-ib-img\" style=\"opacity:0.5;\" alt=\"null\" src=\"https:\/\/www.perard.fr\/wp-content\/uploads\/2020\/05\/IMG_1377.jpg\"   \/><div id=\"interactive-banner-wrap-8016\" class=\"ult-new-ib-desc\" style=\"\"><h2 class=\"ult-new-ib-title ult-responsive\"  data-ultimate-target='#interactive-banner-wrap-8016 .ult-new-ib-title'  data-responsive-json-new='{\"font-size\":\"desktop:15px;\",\"line-height\":\"\"}'  style=\"font-family:&#039;Montserrat&#039;;font-weight:700;\">X-Flow 28 et 34<\/h2><div class=\"ult-new-ib-content ult-responsive\"  data-ultimate-target='#interactive-banner-wrap-8016 .ult-new-ib-content'  data-responsive-json-new='{\"font-size\":\"\",\"line-height\":\"\"}'  style=\"font-weight:normal;color:#ffffff;\"><p>Capacit\u00e9 de 28 et 34m\u00b3 en double essieux<\/p><\/div><\/div><a class=\"ult-new-ib-link\" href=\"http:\/\/www.perard.fr\/?page_id=10912\" title=\"X-Flow 28 et 34\"  ><\/a><\/div>[\/vc_column_inner][vc_column_inner width=\u00a0\u00bb1\/3&Prime;]<div class=\"ult-new-ib ult-ib-effect-style13  ult-ib-resp  \" data-min-width=\"768\" data-max-width=\"900\" style=\"background:#0f0f0f;\" data-opacity=\"0.5\" data-hover-opacity=\"0.8\" ><img decoding=\"async\" class=\"ult-new-ib-img\" style=\"opacity:0.5;\" alt=\"null\" src=\"https:\/\/www.perard.fr\/wp-content\/uploads\/2023\/09\/X-Flow71.jpeg\"   \/><div id=\"interactive-banner-wrap-7113\" class=\"ult-new-ib-desc\" style=\"\"><h2 class=\"ult-new-ib-title ult-responsive\"  data-ultimate-target='#interactive-banner-wrap-7113 .ult-new-ib-title'  data-responsive-json-new='{\"font-size\":\"desktop:15px;\",\"line-height\":\"\"}'  style=\"font-weight:normal;\">X-Flow 64 et 71<\/h2><div class=\"ult-new-ib-content ult-responsive\"  data-ultimate-target='#interactive-banner-wrap-7113 .ult-new-ib-content'  data-responsive-json-new='{\"font-size\":\"\",\"line-height\":\"\"}'  style=\"font-weight:normal;\"><p>Capacit\u00e9 de 64 et 71m\u00b3 en triple essieux<\/p><\/div><\/div><a class=\"ult-new-ib-link\" href=\"https:\/\/www.perard.fr\/transbordeur\/x-flow-64-et-71\/\" title=\"X-Flow 64 et 71\"  ><\/a><\/div>[\/vc_column_inner][\/vc_row_inner][vc_empty_space height=\u00a0\u00bb20px\u00a0\u00bb][vc_row_inner][vc_column_inner width=\u00a0\u00bb1\/3&Prime;]<div class=\"ult-new-ib ult-ib-effect-style13  ult-ib-resp  \" data-min-width=\"768\" data-max-width=\"900\" style=\"background:#000000;\" data-opacity=\"0.5\" data-hover-opacity=\"0.8\" ><img decoding=\"async\" class=\"ult-new-ib-img\" style=\"opacity:0.5;\" alt=\"Transbordeur Interbenne Perard\" src=\"https:\/\/www.perard.fr\/wp-content\/uploads\/2024\/04\/DJI_0933_2.jpg\"   \/><div id=\"interactive-banner-wrap-6165\" class=\"ult-new-ib-desc\" style=\"\"><h2 class=\"ult-new-ib-title ult-responsive\"  data-ultimate-target='#interactive-banner-wrap-6165 .ult-new-ib-title'  data-responsive-json-new='{\"font-size\":\"desktop:16px;\",\"line-height\":\"\"}'  style=\"font-family:&#039;Raleway&#039;;font-weight:600;\">Interbenne 30<\/h2><div class=\"ult-new-ib-content ult-responsive\"  data-ultimate-target='#interactive-banner-wrap-6165 .ult-new-ib-content'  data-responsive-json-new='{\"font-size\":\"\",\"line-height\":\"\"}'  style=\"font-weight:normal;color:#ffffff;\"><p>Capacit\u00e9 de 30m\u00b3 en double essieu<\/p><\/div><\/div><a class=\"ult-new-ib-link\" href=\"http:\/\/www.perard.fr\/?page_id=10925\" title=\"Interbenne 27\"  ><\/a><\/div>[\/vc_column_inner][vc_column_inner width=\u00a0\u00bb1\/3&Prime;]<div class=\"ult-new-ib ult-ib-effect-style13  ult-ib-resp  \" data-min-width=\"768\" data-max-width=\"900\" style=\"background:#000000;\" data-opacity=\"0.5\" data-hover-opacity=\"0.8\" ><img decoding=\"async\" class=\"ult-new-ib-img\" style=\"opacity:0.5;\" alt=\"Transbordeur Interbenne Perard\" src=\"https:\/\/www.perard.fr\/wp-content\/uploads\/2024\/04\/DJI_0338-2.jpg\"   \/><div id=\"interactive-banner-wrap-9008\" class=\"ult-new-ib-desc\" style=\"\"><h2 class=\"ult-new-ib-title ult-responsive\"  data-ultimate-target='#interactive-banner-wrap-9008 .ult-new-ib-title'  data-responsive-json-new='{\"font-size\":\"desktop:16px;\",\"line-height\":\"\"}'  style=\"font-family:&#039;Raleway&#039;;font-weight:600;\">Interbenne 40<\/h2><div class=\"ult-new-ib-content ult-responsive\"  data-ultimate-target='#interactive-banner-wrap-9008 .ult-new-ib-content'  data-responsive-json-new='{\"font-size\":\"\",\"line-height\":\"\"}'  style=\"font-weight:normal;color:#ffffff;\"><p>Capacit\u00e9 de 40m\u00b3 en essieu tridem<\/p><\/div><\/div><a class=\"ult-new-ib-link\" href=\"http:\/\/www.perard.fr\/?page_id=10937\" title=\"Interbenne 38\"  ><\/a><\/div>[\/vc_column_inner][vc_column_inner width=\u00a0\u00bb1\/3&Prime;]<div class=\"ult-new-ib ult-ib-effect-style13  ult-ib-resp  \" data-min-width=\"768\" data-max-width=\"900\" style=\"background:#000000;\" data-opacity=\"0.5\" data-hover-opacity=\"0.8\" ><img decoding=\"async\" class=\"ult-new-ib-img\" style=\"opacity:0.5;\" alt=\"Transbordeur Interbenne Perard\" src=\"https:\/\/www.perard.fr\/wp-content\/uploads\/2024\/04\/DJI_0015.jpg\"   \/><div id=\"interactive-banner-wrap-7084\" class=\"ult-new-ib-desc\" style=\"\"><h2 class=\"ult-new-ib-title ult-responsive\"  data-ultimate-target='#interactive-banner-wrap-7084 .ult-new-ib-title'  data-responsive-json-new='{\"font-size\":\"desktop:16px;\",\"line-height\":\"\"}'  style=\"font-family:&#039;Raleway&#039;;font-weight:600;\">Interbenne 46 et 52<\/h2><div class=\"ult-new-ib-content ult-responsive\"  data-ultimate-target='#interactive-banner-wrap-7084 .ult-new-ib-content'  data-responsive-json-new='{\"font-size\":\"\",\"line-height\":\"\"}'  style=\"font-weight:normal;color:#ffffff;\"><p>Capacit\u00e9 de 46 et 52m\u00b3 en essieu tridem<\/p><\/div><\/div><a class=\"ult-new-ib-link\" href=\"http:\/\/www.perard.fr\/?page_id=10953\" title=\"Interbenne 46\"  ><\/a><\/div>[\/vc_column_inner][\/vc_row_inner][\/vc_column][\/vc_row]<\/p>\n<\/div>","protected":false},"excerpt":{"rendered":"<p>[vc_row css=\u00a0\u00bb.vc_custom_1480791263873{margin-top: 120px !important;margin-bottom: 120px !important;}\u00a0\u00bb][vc_column width=\u00a0\u00bb1\/3&Prime;][vc_empty_space height=\u00a0\u00bb10px\u00a0\u00bb][vc_custom_heading text=\u00a0\u00bbTRANSBORDEUR\u00a0\u00bb use_theme_fonts=\u00a0\u00bbyes\u00a0\u00bb][vc_empty_space height=\u00a0\u00bb20px\u00a0\u00bb][vc_column_text]Perard con\u00e7oit deux familles de transbordeurs : les X-Flow et les Interbenne. Les X-Flow sont des transbordeurs \u00e9quip\u00e9s d\u2019une grosse vis de vidange permettant d\u2019optimiser les chantiers de r\u00e9colte tout en limitant le tassement. Ils se d\u00e9clinent en trois gammes, simple, double ou triple essieux, [&hellip;]<\/p>\n","protected":false},"author":1,"featured_media":0,"parent":0,"menu_order":0,"comment_status":"closed","ping_status":"closed","template":"page.php","meta":{"footnotes":""},"class_list":["post-10807","page","type-page","status-publish","hentry"],"_links":{"self":[{"href":"https:\/\/www.perard.fr\/index.php?rest_route=\/wp\/v2\/pages\/10807","targetHints":{"allow":["GET"]}}],"collection":[{"href":"https:\/\/www.perard.fr\/index.php?rest_route=\/wp\/v2\/pages"}],"about":[{"href":"https:\/\/www.perard.fr\/index.php?rest_route=\/wp\/v2\/types\/page"}],"author":[{"embeddable":true,"href":"https:\/\/www.perard.fr\/index.php?rest_route=\/wp\/v2\/users\/1"}],"replies":[{"embeddable":true,"href":"https:\/\/www.perard.fr\/index.php?rest_route=%2Fwp%2Fv2%2Fcomments&post=10807"}],"version-history":[{"count":9,"href":"https:\/\/www.perard.fr\/index.php?rest_route=\/wp\/v2\/pages\/10807\/revisions"}],"predecessor-version":[{"id":12579,"href":"https:\/\/www.perard.fr\/index.php?rest_route=\/wp\/v2\/pages\/10807\/revisions\/12579"}],"wp:attachment":[{"href":"https:\/\/www.perard.fr\/index.php?rest_route=%2Fwp%2Fv2%2Fmedia&parent=10807"}],"curies":[{"name":"wp","href":"https:\/\/api.w.org\/{rel}","templated":true}]}}